{"id":2,"date":"2016-05-10T03:48:21","date_gmt":"2016-05-10T03:48:21","guid":{"rendered":"http:\/\/familiengeschichte-erleben.de\/?page_id=2"},"modified":"2020-01-29T21:40:09","modified_gmt":"2020-01-29T21:40:09","slug":"kosten","status":"publish","type":"page","link":"https:\/\/familiengeschichte-erleben.de\/?page_id=2","title":{"rendered":"Kosten"},"content":{"rendered":"\n<p style=\"font-size:10px\" class=\"has-text-align-right\">Kosten &#8211; Familiengeschichte erleben &#8211; Anke Stier<\/p>\n\n\n\n<p class=\"has-medium-font-size\"><strong>Vorarbeit zur besseren Kostentransparenz:<\/strong><\/p>\n\n\n\n<div style=\"height:20px\" aria-hidden=\"true\" class=\"wp-block-spacer\"><\/div>\n\n\n\n<p style=\"font-size:17px\">Zu Beginn der Recherchearbeit setze ich mich mit Ihnen zusammen, um:<\/p>\n\n\n\n<ul class=\"ul{height:29px} wp-block-list\"><li>bereits vorhandene Informationen zu sichten (Bilder, Briefe, Familienbibeln, Stammb\u00fccher &#8230;)<\/li><li>das Ziel der Recherche zu definieren (gern k\u00f6nnen auch Etappen festgelegt werden, um einen besseren \u00dcberblick \u00fcber Kosten zu erhalten) <\/li><li>und die Form der Dokumentation der Ergebnisse zu defnieren (Stammbaum \/ Ahnentafel, Chronik, Druck oder Datei &#8230;).<\/li><\/ul>\n\n\n\n<div style=\"height:79px\" aria-hidden=\"true\" class=\"wp-block-spacer\"><\/div>\n\n\n\n<p class=\"has-medium-font-size\"><strong>Welche Kosten entstehen:<\/strong><\/p>\n\n\n\n<div style=\"height:20px\" aria-hidden=\"true\" class=\"wp-block-spacer\"><\/div>\n\n\n\n<p style=\"font-size:17px\">Die bei der Recherche zur Familiengeschichte entstehenden Kosten setzen sich wie folgt zusammen:<\/p>\n\n\n\n<div style=\"height:20px\" aria-hidden=\"true\" class=\"wp-block-spacer\"><\/div>\n\n\n\n<div class=\"wp-block-image\"><figure class=\"alignleft size-large is-resized\"><img loading=\"lazy\" decoding=\"async\" src=\"http:\/\/familiengeschichte-erleben.de\/wp-content\/uploads\/2020\/01\/landesarchiv_baden-wuerttemberg_staatsarchiv_ludw.jpg\" alt=\"Recherearbeit\" class=\"wp-image-51\" width=\"306\" height=\"156\" srcset=\"https:\/\/familiengeschichte-erleben.de\/wp-content\/uploads\/2020\/01\/landesarchiv_baden-wuerttemberg_staatsarchiv_ludw.jpg 1024w, https:\/\/familiengeschichte-erleben.de\/wp-content\/uploads\/2020\/01\/landesarchiv_baden-wuerttemberg_staatsarchiv_ludw-300x154.jpg 300w, https:\/\/familiengeschichte-erleben.de\/wp-content\/uploads\/2020\/01\/landesarchiv_baden-wuerttemberg_staatsarchiv_ludw-768x393.jpg 768w\" sizes=\"auto, (max-width: 306px) 100vw, 306px\" \/><\/figure><\/div>\n\n\n\n<p style=\"font-size:17px\"><strong>Recherchearbeit und Dokumentation der Ergebnisse:<\/strong> <\/p>\n\n\n\n<p>F\u00fcr eine Stunde Recherchearbeit oder Dokumentation werden 15\u20ac berechnet.<\/p>\n\n\n\n<div style=\"height:20px\" aria-hidden=\"true\" class=\"wp-block-spacer\"><\/div>\n\n\n\n<div class=\"wp-block-image\"><figure class=\"alignright size-large is-resized\"><img loading=\"lazy\" decoding=\"async\" src=\"http:\/\/familiengeschichte-erleben.de\/wp-content\/uploads\/2020\/01\/klaus9-1024x777.jpg\" alt=\"\" class=\"wp-image-19\" width=\"240\" height=\"182\" srcset=\"https:\/\/familiengeschichte-erleben.de\/wp-content\/uploads\/2020\/01\/klaus9-1024x777.jpg 1024w, https:\/\/familiengeschichte-erleben.de\/wp-content\/uploads\/2020\/01\/klaus9-300x228.jpg 300w, https:\/\/familiengeschichte-erleben.de\/wp-content\/uploads\/2020\/01\/klaus9-768x582.jpg 768w, https:\/\/familiengeschichte-erleben.de\/wp-content\/uploads\/2020\/01\/klaus9-1536x1165.jpg 1536w, https:\/\/familiengeschichte-erleben.de\/wp-content\/uploads\/2020\/01\/klaus9-2048x1553.jpg 2048w\" sizes=\"auto, (max-width: 240px) 100vw, 240px\" \/><\/figure><\/div>\n\n\n\n<p><strong>Fahrtkosten:<\/strong><\/p>\n\n\n\n<p>Es werden pro gefahrenem Kilometer 0,30\u20ac kalkuliert. F\u00fcr Fahrten zu den Archiven in Neuenstein &#8211; <a href=\"https:\/\/www.landesarchiv-bw.de\/web\/47260\">HZAN<\/a> \/ <a href=\"https:\/\/www.hohenlohekreis.de\/index.php?id=419\">Kreisarchiv<\/a>, K\u00fcnzelsau und <a href=\"http:\/\/www.schwaebischhall.de\/buergerstadt\/geschichte\/stadtarchiv.html\">Schw\u00e4bisch Hall<\/a> fallen keine Fahrtkosten an.  <\/p>\n\n\n\n<div style=\"height:20px\" aria-hidden=\"true\" class=\"wp-block-spacer\"><\/div>\n\n\n\n<p><strong>Weitere Geb\u00fchren:<\/strong> <\/p>\n\n\n\n<p>Archivgeb\u00fchren, Kosten f\u00fcr Kopien oder Scans usw. werden je nach nach entstandenem Aufwand berechnet und vorher mit Ihnen besprochen. <\/p>\n\n\n\n<div style=\"height:20px\" aria-hidden=\"true\" class=\"wp-block-spacer\"><\/div>\n\n\n\n<p><strong>Selbstverst\u00e4ndlich erhalten Sie immer eine \u00dcbersicht \/ Rechnung der entstehenden Kosten.<\/strong><\/p>\n\n\n\n<div style=\"height:53px\" aria-hidden=\"true\" class=\"wp-block-spacer\"><\/div>\n\n\n\n<p style=\"font-size:17px\">F\u00fcr eine Anfrage finden Sie hier meine <a href=\"http:\/\/familiengeschichte-erleben.de\/?page_id=41\">Kontaktdaten<\/a>. <\/p>\n\n\n\n<div style=\"height:163px\" aria-hidden=\"true\" class=\"wp-block-spacer\"><\/div>\n\n\n\n<p style=\"font-size:8px\" class=\"has-text-align-right\"> Kosten &#8211; Familiengeschichte erleben &#8211; Anke Stier <\/p>\n","protected":false},"excerpt":{"rendered":"<p>Kosten &#8211; Familiengeschichte erleben &#8211; Anke Stier Vorarbeit zur besseren Kostentransparenz: Zu Beginn der Recherchearbeit setze ich mich mit Ihnen zusammen, um: bereits vorhandene Informationen zu sichten (Bilder, Briefe, Familienbibeln, Stammb\u00fccher &#8230;) das Ziel der Recherche zu definieren (gern k\u00f6nnen auch Etappen festgelegt werden, um einen besseren \u00dcberblick \u00fcber Kosten zu erhalten) und die Form<span class=\"post-excerpt-end\">&hellip;<\/span><\/p>\n<p class=\"more-link\"><a href=\"https:\/\/familiengeschichte-erleben.de\/?page_id=2\" class=\"themebutton\">Read More<\/a><\/p>\n","protected":false},"author":1,"featured_media":0,"parent":0,"menu_order":0,"comment_status":"closed","ping_status":"open","template":"","meta":{"footnotes":""},"class_list":["post-2","page","type-page","status-publish","hentry"],"yoast_head":"<!-- This site is optimized with the Yoast SEO plugin v27.3 - https:\/\/yoast.com\/product\/yoast-seo-wordpress\/ -->\n<title>Kosten - Familiengeschichte erleben - Anke Stier<\/title>\n<meta name=\"description\" content=\"Kosten - Familiengeschichte erleben - Anke Stier. Welche Kosten entstehen bei der Recherche\" \/>\n<meta name=\"robots\" content=\"index, follow, max-snippet:-1, max-image-preview:large, max-video-preview:-1\" \/>\n<link rel=\"canonical\" href=\"https:\/\/familiengeschichte-erleben.de\/?page_id=2\" \/>\n<meta property=\"og:locale\" content=\"de_DE\" \/>\n<meta property=\"og:type\" content=\"article\" \/>\n<meta property=\"og:title\" content=\"Kosten - Familiengeschichte erleben - Anke Stier\" \/>\n<meta property=\"og:description\" content=\"Kosten - Familiengeschichte erleben - Anke Stier. Welche Kosten entstehen bei der Recherche\" \/>\n<meta property=\"og:url\" content=\"https:\/\/familiengeschichte-erleben.de\/?page_id=2\" \/>\n<meta property=\"og:site_name\" content=\"Familiengeschichte erleben\" \/>\n<meta property=\"article:modified_time\" content=\"2020-01-29T21:40:09+00:00\" \/>\n<meta property=\"og:image\" content=\"http:\/\/familiengeschichte-erleben.de\/wp-content\/uploads\/2020\/01\/landesarchiv_baden-wuerttemberg_staatsarchiv_ludw.jpg\" \/>\n<meta name=\"twitter:card\" content=\"summary_large_image\" \/>\n<meta name=\"twitter:label1\" content=\"Gesch\u00e4tzte Lesezeit\" \/>\n\t<meta name=\"twitter:data1\" content=\"1\u00a0Minute\" \/>\n<script type=\"application\/ld+json\" class=\"yoast-schema-graph\">{\"@context\":\"https:\\\/\\\/schema.org\",\"@graph\":[{\"@type\":\"WebPage\",\"@id\":\"https:\\\/\\\/familiengeschichte-erleben.de\\\/?page_id=2\",\"url\":\"https:\\\/\\\/familiengeschichte-erleben.de\\\/?page_id=2\",\"name\":\"Kosten - Familiengeschichte erleben - Anke Stier\",\"isPartOf\":{\"@id\":\"https:\\\/\\\/familiengeschichte-erleben.de\\\/#website\"},\"primaryImageOfPage\":{\"@id\":\"https:\\\/\\\/familiengeschichte-erleben.de\\\/?page_id=2#primaryimage\"},\"image\":{\"@id\":\"https:\\\/\\\/familiengeschichte-erleben.de\\\/?page_id=2#primaryimage\"},\"thumbnailUrl\":\"http:\\\/\\\/familiengeschichte-erleben.de\\\/wp-content\\\/uploads\\\/2020\\\/01\\\/landesarchiv_baden-wuerttemberg_staatsarchiv_ludw.jpg\",\"datePublished\":\"2016-05-10T03:48:21+00:00\",\"dateModified\":\"2020-01-29T21:40:09+00:00\",\"description\":\"Kosten - Familiengeschichte erleben - Anke Stier. Welche Kosten entstehen bei der Recherche\",\"breadcrumb\":{\"@id\":\"https:\\\/\\\/familiengeschichte-erleben.de\\\/?page_id=2#breadcrumb\"},\"inLanguage\":\"de\",\"potentialAction\":[{\"@type\":\"ReadAction\",\"target\":[\"https:\\\/\\\/familiengeschichte-erleben.de\\\/?page_id=2\"]}]},{\"@type\":\"ImageObject\",\"inLanguage\":\"de\",\"@id\":\"https:\\\/\\\/familiengeschichte-erleben.de\\\/?page_id=2#primaryimage\",\"url\":\"https:\\\/\\\/familiengeschichte-erleben.de\\\/wp-content\\\/uploads\\\/2020\\\/01\\\/landesarchiv_baden-wuerttemberg_staatsarchiv_ludw.jpg\",\"contentUrl\":\"https:\\\/\\\/familiengeschichte-erleben.de\\\/wp-content\\\/uploads\\\/2020\\\/01\\\/landesarchiv_baden-wuerttemberg_staatsarchiv_ludw.jpg\",\"width\":1024,\"height\":524,\"caption\":\"Recherearbeit\"},{\"@type\":\"BreadcrumbList\",\"@id\":\"https:\\\/\\\/familiengeschichte-erleben.de\\\/?page_id=2#breadcrumb\",\"itemListElement\":[{\"@type\":\"ListItem\",\"position\":1,\"name\":\"Startseite\",\"item\":\"https:\\\/\\\/familiengeschichte-erleben.de\\\/\"},{\"@type\":\"ListItem\",\"position\":2,\"name\":\"Kosten\"}]},{\"@type\":\"WebSite\",\"@id\":\"https:\\\/\\\/familiengeschichte-erleben.de\\\/#website\",\"url\":\"https:\\\/\\\/familiengeschichte-erleben.de\\\/\",\"name\":\"Familiengeschichte erleben\",\"description\":\"\",\"publisher\":{\"@id\":\"https:\\\/\\\/familiengeschichte-erleben.de\\\/#\\\/schema\\\/person\\\/0e3136c0d00fa15f9588438744240a62\"},\"potentialAction\":[{\"@type\":\"SearchAction\",\"target\":{\"@type\":\"EntryPoint\",\"urlTemplate\":\"https:\\\/\\\/familiengeschichte-erleben.de\\\/?s={search_term_string}\"},\"query-input\":{\"@type\":\"PropertyValueSpecification\",\"valueRequired\":true,\"valueName\":\"search_term_string\"}}],\"inLanguage\":\"de\"},{\"@type\":[\"Person\",\"Organization\"],\"@id\":\"https:\\\/\\\/familiengeschichte-erleben.de\\\/#\\\/schema\\\/person\\\/0e3136c0d00fa15f9588438744240a62\",\"name\":\"hickelti\",\"image\":{\"@type\":\"ImageObject\",\"inLanguage\":\"de\",\"@id\":\"https:\\\/\\\/secure.gravatar.com\\\/avatar\\\/2cbf71068d9b77d00a75a42210cb5bd46f5395fdd0d6ad34ea23fd9bc7ed98ee?s=96&d=mm&r=g\",\"url\":\"https:\\\/\\\/secure.gravatar.com\\\/avatar\\\/2cbf71068d9b77d00a75a42210cb5bd46f5395fdd0d6ad34ea23fd9bc7ed98ee?s=96&d=mm&r=g\",\"contentUrl\":\"https:\\\/\\\/secure.gravatar.com\\\/avatar\\\/2cbf71068d9b77d00a75a42210cb5bd46f5395fdd0d6ad34ea23fd9bc7ed98ee?s=96&d=mm&r=g\",\"caption\":\"hickelti\"},\"logo\":{\"@id\":\"https:\\\/\\\/secure.gravatar.com\\\/avatar\\\/2cbf71068d9b77d00a75a42210cb5bd46f5395fdd0d6ad34ea23fd9bc7ed98ee?s=96&d=mm&r=g\"}}]}<\/script>\n<!-- \/ Yoast SEO plugin. -->","yoast_head_json":{"title":"Kosten - Familiengeschichte erleben - Anke Stier","description":"Kosten - Familiengeschichte erleben - Anke Stier. Welche Kosten entstehen bei der Recherche","robots":{"index":"index","follow":"follow","max-snippet":"max-snippet:-1","max-image-preview":"max-image-preview:large","max-video-preview":"max-video-preview:-1"},"canonical":"https:\/\/familiengeschichte-erleben.de\/?page_id=2","og_locale":"de_DE","og_type":"article","og_title":"Kosten - Familiengeschichte erleben - Anke Stier","og_description":"Kosten - Familiengeschichte erleben - Anke Stier. Welche Kosten entstehen bei der Recherche","og_url":"https:\/\/familiengeschichte-erleben.de\/?page_id=2","og_site_name":"Familiengeschichte erleben","article_modified_time":"2020-01-29T21:40:09+00:00","og_image":[{"url":"http:\/\/familiengeschichte-erleben.de\/wp-content\/uploads\/2020\/01\/landesarchiv_baden-wuerttemberg_staatsarchiv_ludw.jpg","type":"","width":"","height":""}],"twitter_card":"summary_large_image","twitter_misc":{"Gesch\u00e4tzte Lesezeit":"1\u00a0Minute"},"schema":{"@context":"https:\/\/schema.org","@graph":[{"@type":"WebPage","@id":"https:\/\/familiengeschichte-erleben.de\/?page_id=2","url":"https:\/\/familiengeschichte-erleben.de\/?page_id=2","name":"Kosten - Familiengeschichte erleben - Anke Stier","isPartOf":{"@id":"https:\/\/familiengeschichte-erleben.de\/#website"},"primaryImageOfPage":{"@id":"https:\/\/familiengeschichte-erleben.de\/?page_id=2#primaryimage"},"image":{"@id":"https:\/\/familiengeschichte-erleben.de\/?page_id=2#primaryimage"},"thumbnailUrl":"http:\/\/familiengeschichte-erleben.de\/wp-content\/uploads\/2020\/01\/landesarchiv_baden-wuerttemberg_staatsarchiv_ludw.jpg","datePublished":"2016-05-10T03:48:21+00:00","dateModified":"2020-01-29T21:40:09+00:00","description":"Kosten - Familiengeschichte erleben - Anke Stier. Welche Kosten entstehen bei der Recherche","breadcrumb":{"@id":"https:\/\/familiengeschichte-erleben.de\/?page_id=2#breadcrumb"},"inLanguage":"de","potentialAction":[{"@type":"ReadAction","target":["https:\/\/familiengeschichte-erleben.de\/?page_id=2"]}]},{"@type":"ImageObject","inLanguage":"de","@id":"https:\/\/familiengeschichte-erleben.de\/?page_id=2#primaryimage","url":"https:\/\/familiengeschichte-erleben.de\/wp-content\/uploads\/2020\/01\/landesarchiv_baden-wuerttemberg_staatsarchiv_ludw.jpg","contentUrl":"https:\/\/familiengeschichte-erleben.de\/wp-content\/uploads\/2020\/01\/landesarchiv_baden-wuerttemberg_staatsarchiv_ludw.jpg","width":1024,"height":524,"caption":"Recherearbeit"},{"@type":"BreadcrumbList","@id":"https:\/\/familiengeschichte-erleben.de\/?page_id=2#breadcrumb","itemListElement":[{"@type":"ListItem","position":1,"name":"Startseite","item":"https:\/\/familiengeschichte-erleben.de\/"},{"@type":"ListItem","position":2,"name":"Kosten"}]},{"@type":"WebSite","@id":"https:\/\/familiengeschichte-erleben.de\/#website","url":"https:\/\/familiengeschichte-erleben.de\/","name":"Familiengeschichte erleben","description":"","publisher":{"@id":"https:\/\/familiengeschichte-erleben.de\/#\/schema\/person\/0e3136c0d00fa15f9588438744240a62"},"potentialAction":[{"@type":"SearchAction","target":{"@type":"EntryPoint","urlTemplate":"https:\/\/familiengeschichte-erleben.de\/?s={search_term_string}"},"query-input":{"@type":"PropertyValueSpecification","valueRequired":true,"valueName":"search_term_string"}}],"inLanguage":"de"},{"@type":["Person","Organization"],"@id":"https:\/\/familiengeschichte-erleben.de\/#\/schema\/person\/0e3136c0d00fa15f9588438744240a62","name":"hickelti","image":{"@type":"ImageObject","inLanguage":"de","@id":"https:\/\/secure.gravatar.com\/avatar\/2cbf71068d9b77d00a75a42210cb5bd46f5395fdd0d6ad34ea23fd9bc7ed98ee?s=96&d=mm&r=g","url":"https:\/\/secure.gravatar.com\/avatar\/2cbf71068d9b77d00a75a42210cb5bd46f5395fdd0d6ad34ea23fd9bc7ed98ee?s=96&d=mm&r=g","contentUrl":"https:\/\/secure.gravatar.com\/avatar\/2cbf71068d9b77d00a75a42210cb5bd46f5395fdd0d6ad34ea23fd9bc7ed98ee?s=96&d=mm&r=g","caption":"hickelti"},"logo":{"@id":"https:\/\/secure.gravatar.com\/avatar\/2cbf71068d9b77d00a75a42210cb5bd46f5395fdd0d6ad34ea23fd9bc7ed98ee?s=96&d=mm&r=g"}}]}},"_links":{"self":[{"href":"https:\/\/familiengeschichte-erleben.de\/index.php?rest_route=\/wp\/v2\/pages\/2","targetHints":{"allow":["GET"]}}],"collection":[{"href":"https:\/\/familiengeschichte-erleben.de\/index.php?rest_route=\/wp\/v2\/pages"}],"about":[{"href":"https:\/\/familiengeschichte-erleben.de\/index.php?rest_route=\/wp\/v2\/types\/page"}],"author":[{"embeddable":true,"href":"https:\/\/familiengeschichte-erleben.de\/index.php?rest_route=\/wp\/v2\/users\/1"}],"replies":[{"embeddable":true,"href":"https:\/\/familiengeschichte-erleben.de\/index.php?rest_route=%2Fwp%2Fv2%2Fcomments&post=2"}],"version-history":[{"count":42,"href":"https:\/\/familiengeschichte-erleben.de\/index.php?rest_route=\/wp\/v2\/pages\/2\/revisions"}],"predecessor-version":[{"id":491,"href":"https:\/\/familiengeschichte-erleben.de\/index.php?rest_route=\/wp\/v2\/pages\/2\/revisions\/491"}],"wp:attachment":[{"href":"https:\/\/familiengeschichte-erleben.de\/index.php?rest_route=%2Fwp%2Fv2%2Fmedia&parent=2"}],"curies":[{"name":"wp","href":"https:\/\/api.w.org\/{rel}","templated":true}]}}