{"id":308,"date":"2020-01-20T18:08:01","date_gmt":"2020-01-20T18:08:01","guid":{"rendered":"http:\/\/familiengeschichte-erleben.de\/?page_id=308"},"modified":"2020-01-29T19:29:29","modified_gmt":"2020-01-29T19:29:29","slug":"ahnentafel-familienstammbaum","status":"publish","type":"page","link":"https:\/\/familiengeschichte-erleben.de\/?page_id=308","title":{"rendered":"Ahnentafel \/ Stammbaum"},"content":{"rendered":"\n<p style=\"font-size:10px\" class=\"has-text-align-right\">Ahnentafel \/ Stammbaum &#8211; Familiengeschichte erleben &#8211; Anke Stier<\/p>\n\n\n\n<div class=\"wp-block-media-text alignwide is-stacked-on-mobile\"><figure class=\"wp-block-media-text__media\"><img loading=\"lazy\" decoding=\"async\" width=\"849\" height=\"1024\" src=\"http:\/\/familiengeschichte-erleben.de\/wp-content\/uploads\/2020\/01\/Stammbaum-849x1024.jpg\" alt=\"\" class=\"wp-image-326\" srcset=\"https:\/\/familiengeschichte-erleben.de\/wp-content\/uploads\/2020\/01\/Stammbaum-849x1024.jpg 849w, https:\/\/familiengeschichte-erleben.de\/wp-content\/uploads\/2020\/01\/Stammbaum-249x300.jpg 249w, https:\/\/familiengeschichte-erleben.de\/wp-content\/uploads\/2020\/01\/Stammbaum-768x926.jpg 768w, https:\/\/familiengeschichte-erleben.de\/wp-content\/uploads\/2020\/01\/Stammbaum.jpg 1168w\" sizes=\"auto, (max-width: 849px) 100vw, 849px\" \/><\/figure><div class=\"wp-block-media-text__content\">\n<p style=\"font-size:17px\">Eine gut recherchierte Ahnentafel ist eine wichtige Grundlage f\u00fcr Ihre Familiengeschichte. <\/p>\n\n\n\n<p><strong>Daten sammeln:<\/strong><\/p>\n\n\n\n<p>Die ersten Daten f\u00fcr einen Stammbaum erh\u00e4lt man aus dem eigenen  Familienstammbuch, Eintr\u00e4gen in Familienbibeln, Gespr\u00e4chen mit Eltern,  Gro\u00dfeltern und Verwandten oder von bereits vorhanden  Stammbaumforschungen, Briefen und Dokumenten. Erst wenn im &#8222;n\u00e4heren&#8220;  Umfeld alle Informationen gesammelt wurde, beginnt die Forschung in den  Archiven. <\/p>\n\n\n\n<div class=\"wp-block-file\"><a href=\"http:\/\/familiengeschichte-erleben.de\/wp-content\/uploads\/2020\/01\/Familienregister-Vorlage-1.jpg\" target=\"_blank\" rel=\"noreferrer noopener\">Familienregister-Vorlage <br> <\/a><\/div>\n\n\n\n<p>Ein Familienregister eignet sich gut, um die gesammelten Daten einer Familie (3 Generationen) zusammenzufassen.<\/p>\n<\/div><\/div>\n\n\n\n<div class=\"wp-block-media-text alignwide has-background is-stacked-on-mobile\" style=\"background-color:#c1c4c5\"><figure class=\"wp-block-media-text__media\"><img loading=\"lazy\" decoding=\"async\" width=\"686\" height=\"1024\" src=\"http:\/\/familiengeschichte-erleben.de\/wp-content\/uploads\/2020\/01\/Friedrich-August-Herrmann-Familienregister-Langenbeutingen-2-686x1024.jpg\" alt=\"\" class=\"wp-image-339\" srcset=\"https:\/\/familiengeschichte-erleben.de\/wp-content\/uploads\/2020\/01\/Friedrich-August-Herrmann-Familienregister-Langenbeutingen-2-686x1024.jpg 686w, https:\/\/familiengeschichte-erleben.de\/wp-content\/uploads\/2020\/01\/Friedrich-August-Herrmann-Familienregister-Langenbeutingen-2-201x300.jpg 201w, https:\/\/familiengeschichte-erleben.de\/wp-content\/uploads\/2020\/01\/Friedrich-August-Herrmann-Familienregister-Langenbeutingen-2-768x1147.jpg 768w, https:\/\/familiengeschichte-erleben.de\/wp-content\/uploads\/2020\/01\/Friedrich-August-Herrmann-Familienregister-Langenbeutingen-2-1029x1536.jpg 1029w, https:\/\/familiengeschichte-erleben.de\/wp-content\/uploads\/2020\/01\/Friedrich-August-Herrmann-Familienregister-Langenbeutingen-2-1371x2048.jpg 1371w, https:\/\/familiengeschichte-erleben.de\/wp-content\/uploads\/2020\/01\/Friedrich-August-Herrmann-Familienregister-Langenbeutingen-2-scaled.jpg 1714w\" sizes=\"auto, (max-width: 686px) 100vw, 686px\" \/><\/figure><div class=\"wp-block-media-text__content\">\n<p>Um weitere personenbezogene Daten zu erhalten, mu\u00df in Standes\u00e4mtern, Pfarrb\u00fcros und  Archiven weiter gesammelt werden (s. auch <a href=\"http:\/\/familiengeschichte-erleben.de\/?page_id=91\">Interessante Links<\/a>).<\/p>\n\n\n\n<p>Um das zust\u00e4ndige Standesamt bzw. Pfarramt zu finden, k\u00f6nnen z.B. auf <a href=\"http:\/\/genwiki.genealogy.net\/Portal:Regionale_Forschung\">GenWiki<\/a> die Gemeindezugeh\u00f6rigkeiten einzelner Orte gesucht werden<\/p>\n\n\n\n<p>Ist man f\u00fcndig geworden und hat einen Geburts- Heirats- oder Sterbeeintrag oder ein Familienregister in H\u00e4nden, muss gelesen werden:<\/p>\n\n\n\n<div class=\"wp-block-file\"><a href=\"http:\/\/familiengeschichte-erleben.de\/wp-content\/uploads\/2020\/01\/Alt-Deutsch-Alphabet.png\">Alt-Deutsch-Alphabet<\/a><\/div>\n<\/div><\/div>\n\n\n\n<div class=\"wp-block-media-text alignwide is-stacked-on-mobile\"><figure class=\"wp-block-media-text__media\"><img loading=\"lazy\" decoding=\"async\" width=\"867\" height=\"1024\" src=\"http:\/\/familiengeschichte-erleben.de\/wp-content\/uploads\/2020\/01\/Ahnentafel-867x1024.jpg\" alt=\"\" class=\"wp-image-357\" srcset=\"https:\/\/familiengeschichte-erleben.de\/wp-content\/uploads\/2020\/01\/Ahnentafel-867x1024.jpg 867w, https:\/\/familiengeschichte-erleben.de\/wp-content\/uploads\/2020\/01\/Ahnentafel-254x300.jpg 254w, https:\/\/familiengeschichte-erleben.de\/wp-content\/uploads\/2020\/01\/Ahnentafel-768x908.jpg 768w, https:\/\/familiengeschichte-erleben.de\/wp-content\/uploads\/2020\/01\/Ahnentafel-1300x1536.jpg 1300w, https:\/\/familiengeschichte-erleben.de\/wp-content\/uploads\/2020\/01\/Ahnentafel-rotated.jpg 1552w\" sizes=\"auto, (max-width: 867px) 100vw, 867px\" \/><\/figure><div class=\"wp-block-media-text__content\">\n<p class=\"has-normal-font-size\">Sind Personendaten zusammengetragen, kann mit der Erstellung eines Stammbaums \/ Ahnentafel begonnen werden. <\/p>\n\n\n\n<div class=\"wp-block-file\"><a href=\"http:\/\/familiengeschichte-erleben.de\/wp-content\/uploads\/2020\/01\/Ahnentafel.pdf\">Ahnentafel &#8211; Baum<\/a><\/div>\n\n\n\n<div class=\"wp-block-file\"><a href=\"http:\/\/familiengeschichte-erleben.de\/wp-content\/uploads\/2020\/01\/Ahnentafel_mit_Bild.pdf\">Ahnentafel mit Bild<\/a><\/div>\n\n\n\n<p>Falls Sie Hilfe bei der Erstellung einer Ahnentafel oder eines Stammbaumes ben\u00f6tigen, freue ich mich, wenn Sie mich <a href=\"http:\/\/familiengeschichte-erleben.de\/?page_id=41\">kontaktieren<\/a>.<\/p>\n<\/div><\/div>\n\n\n\n<p style=\"font-size:10px\" class=\"has-text-align-right\">Ahnentafel \/ Stammbaum &#8211; Familiengeschichte erleben &#8211; Anke Stier<\/p>\n","protected":false},"excerpt":{"rendered":"<p>Ahnentafel \/ Stammbaum &#8211; Familiengeschichte erleben &#8211; Anke Stier Ahnentafel \/ Stammbaum &#8211; Familiengeschichte erleben &#8211; Anke Stier<\/p>\n","protected":false},"author":1,"featured_media":0,"parent":0,"menu_order":0,"comment_status":"closed","ping_status":"closed","template":"","meta":{"footnotes":""},"class_list":["post-308","page","type-page","status-publish","hentry"],"yoast_head":"<!-- This site is optimized with the Yoast SEO plugin v27.3 - https:\/\/yoast.com\/product\/yoast-seo-wordpress\/ -->\n<title>Ahnentafel \/ Stammbaum - Familiengeschichte erleben -Anke Stier<\/title>\n<meta name=\"description\" content=\"Ahnentafel \/ Stammbaum - Familiengeschichte erleben - Anke Stier: Erkl\u00e4rungen und Beispiele\" \/>\n<meta name=\"robots\" content=\"index, follow, max-snippet:-1, max-image-preview:large, max-video-preview:-1\" \/>\n<link rel=\"canonical\" href=\"https:\/\/familiengeschichte-erleben.de\/?page_id=308\" \/>\n<meta property=\"og:locale\" content=\"de_DE\" \/>\n<meta property=\"og:type\" content=\"article\" \/>\n<meta property=\"og:title\" content=\"Ahnentafel \/ Stammbaum - Familiengeschichte erleben -Anke Stier\" \/>\n<meta property=\"og:description\" content=\"Ahnentafel \/ Stammbaum - Familiengeschichte erleben - Anke Stier: Erkl\u00e4rungen und Beispiele\" \/>\n<meta property=\"og:url\" content=\"https:\/\/familiengeschichte-erleben.de\/?page_id=308\" \/>\n<meta property=\"og:site_name\" content=\"Familiengeschichte erleben\" \/>\n<meta property=\"article:modified_time\" content=\"2020-01-29T19:29:29+00:00\" \/>\n<meta property=\"og:image\" content=\"http:\/\/familiengeschichte-erleben.de\/wp-content\/uploads\/2020\/01\/Stammbaum-849x1024.jpg\" \/>\n<meta name=\"twitter:card\" content=\"summary_large_image\" \/>\n<meta name=\"twitter:label1\" content=\"Gesch\u00e4tzte Lesezeit\" \/>\n\t<meta name=\"twitter:data1\" content=\"1\u00a0Minute\" \/>\n<script type=\"application\/ld+json\" class=\"yoast-schema-graph\">{\"@context\":\"https:\\\/\\\/schema.org\",\"@graph\":[{\"@type\":\"WebPage\",\"@id\":\"https:\\\/\\\/familiengeschichte-erleben.de\\\/?page_id=308\",\"url\":\"https:\\\/\\\/familiengeschichte-erleben.de\\\/?page_id=308\",\"name\":\"Ahnentafel \\\/ Stammbaum - Familiengeschichte erleben -Anke Stier\",\"isPartOf\":{\"@id\":\"https:\\\/\\\/familiengeschichte-erleben.de\\\/#website\"},\"primaryImageOfPage\":{\"@id\":\"https:\\\/\\\/familiengeschichte-erleben.de\\\/?page_id=308#primaryimage\"},\"image\":{\"@id\":\"https:\\\/\\\/familiengeschichte-erleben.de\\\/?page_id=308#primaryimage\"},\"thumbnailUrl\":\"http:\\\/\\\/familiengeschichte-erleben.de\\\/wp-content\\\/uploads\\\/2020\\\/01\\\/Stammbaum-849x1024.jpg\",\"datePublished\":\"2020-01-20T18:08:01+00:00\",\"dateModified\":\"2020-01-29T19:29:29+00:00\",\"description\":\"Ahnentafel \\\/ Stammbaum - Familiengeschichte erleben - Anke Stier: Erkl\u00e4rungen und Beispiele\",\"breadcrumb\":{\"@id\":\"https:\\\/\\\/familiengeschichte-erleben.de\\\/?page_id=308#breadcrumb\"},\"inLanguage\":\"de\",\"potentialAction\":[{\"@type\":\"ReadAction\",\"target\":[\"https:\\\/\\\/familiengeschichte-erleben.de\\\/?page_id=308\"]}]},{\"@type\":\"ImageObject\",\"inLanguage\":\"de\",\"@id\":\"https:\\\/\\\/familiengeschichte-erleben.de\\\/?page_id=308#primaryimage\",\"url\":\"https:\\\/\\\/familiengeschichte-erleben.de\\\/wp-content\\\/uploads\\\/2020\\\/01\\\/Stammbaum.jpg\",\"contentUrl\":\"https:\\\/\\\/familiengeschichte-erleben.de\\\/wp-content\\\/uploads\\\/2020\\\/01\\\/Stammbaum.jpg\",\"width\":1168,\"height\":1409},{\"@type\":\"BreadcrumbList\",\"@id\":\"https:\\\/\\\/familiengeschichte-erleben.de\\\/?page_id=308#breadcrumb\",\"itemListElement\":[{\"@type\":\"ListItem\",\"position\":1,\"name\":\"Startseite\",\"item\":\"https:\\\/\\\/familiengeschichte-erleben.de\\\/\"},{\"@type\":\"ListItem\",\"position\":2,\"name\":\"Ahnentafel \\\/ Stammbaum\"}]},{\"@type\":\"WebSite\",\"@id\":\"https:\\\/\\\/familiengeschichte-erleben.de\\\/#website\",\"url\":\"https:\\\/\\\/familiengeschichte-erleben.de\\\/\",\"name\":\"Familiengeschichte erleben\",\"description\":\"\",\"publisher\":{\"@id\":\"https:\\\/\\\/familiengeschichte-erleben.de\\\/#\\\/schema\\\/person\\\/0e3136c0d00fa15f9588438744240a62\"},\"potentialAction\":[{\"@type\":\"SearchAction\",\"target\":{\"@type\":\"EntryPoint\",\"urlTemplate\":\"https:\\\/\\\/familiengeschichte-erleben.de\\\/?s={search_term_string}\"},\"query-input\":{\"@type\":\"PropertyValueSpecification\",\"valueRequired\":true,\"valueName\":\"search_term_string\"}}],\"inLanguage\":\"de\"},{\"@type\":[\"Person\",\"Organization\"],\"@id\":\"https:\\\/\\\/familiengeschichte-erleben.de\\\/#\\\/schema\\\/person\\\/0e3136c0d00fa15f9588438744240a62\",\"name\":\"hickelti\",\"image\":{\"@type\":\"ImageObject\",\"inLanguage\":\"de\",\"@id\":\"https:\\\/\\\/secure.gravatar.com\\\/avatar\\\/2cbf71068d9b77d00a75a42210cb5bd46f5395fdd0d6ad34ea23fd9bc7ed98ee?s=96&d=mm&r=g\",\"url\":\"https:\\\/\\\/secure.gravatar.com\\\/avatar\\\/2cbf71068d9b77d00a75a42210cb5bd46f5395fdd0d6ad34ea23fd9bc7ed98ee?s=96&d=mm&r=g\",\"contentUrl\":\"https:\\\/\\\/secure.gravatar.com\\\/avatar\\\/2cbf71068d9b77d00a75a42210cb5bd46f5395fdd0d6ad34ea23fd9bc7ed98ee?s=96&d=mm&r=g\",\"caption\":\"hickelti\"},\"logo\":{\"@id\":\"https:\\\/\\\/secure.gravatar.com\\\/avatar\\\/2cbf71068d9b77d00a75a42210cb5bd46f5395fdd0d6ad34ea23fd9bc7ed98ee?s=96&d=mm&r=g\"}}]}<\/script>\n<!-- \/ Yoast SEO plugin. -->","yoast_head_json":{"title":"Ahnentafel \/ Stammbaum - Familiengeschichte erleben -Anke Stier","description":"Ahnentafel \/ Stammbaum - Familiengeschichte erleben - Anke Stier: Erkl\u00e4rungen und Beispiele","robots":{"index":"index","follow":"follow","max-snippet":"max-snippet:-1","max-image-preview":"max-image-preview:large","max-video-preview":"max-video-preview:-1"},"canonical":"https:\/\/familiengeschichte-erleben.de\/?page_id=308","og_locale":"de_DE","og_type":"article","og_title":"Ahnentafel \/ Stammbaum - Familiengeschichte erleben -Anke Stier","og_description":"Ahnentafel \/ Stammbaum - Familiengeschichte erleben - Anke Stier: Erkl\u00e4rungen und Beispiele","og_url":"https:\/\/familiengeschichte-erleben.de\/?page_id=308","og_site_name":"Familiengeschichte erleben","article_modified_time":"2020-01-29T19:29:29+00:00","og_image":[{"url":"http:\/\/familiengeschichte-erleben.de\/wp-content\/uploads\/2020\/01\/Stammbaum-849x1024.jpg","type":"","width":"","height":""}],"twitter_card":"summary_large_image","twitter_misc":{"Gesch\u00e4tzte Lesezeit":"1\u00a0Minute"},"schema":{"@context":"https:\/\/schema.org","@graph":[{"@type":"WebPage","@id":"https:\/\/familiengeschichte-erleben.de\/?page_id=308","url":"https:\/\/familiengeschichte-erleben.de\/?page_id=308","name":"Ahnentafel \/ Stammbaum - Familiengeschichte erleben -Anke Stier","isPartOf":{"@id":"https:\/\/familiengeschichte-erleben.de\/#website"},"primaryImageOfPage":{"@id":"https:\/\/familiengeschichte-erleben.de\/?page_id=308#primaryimage"},"image":{"@id":"https:\/\/familiengeschichte-erleben.de\/?page_id=308#primaryimage"},"thumbnailUrl":"http:\/\/familiengeschichte-erleben.de\/wp-content\/uploads\/2020\/01\/Stammbaum-849x1024.jpg","datePublished":"2020-01-20T18:08:01+00:00","dateModified":"2020-01-29T19:29:29+00:00","description":"Ahnentafel \/ Stammbaum - Familiengeschichte erleben - Anke Stier: Erkl\u00e4rungen und Beispiele","breadcrumb":{"@id":"https:\/\/familiengeschichte-erleben.de\/?page_id=308#breadcrumb"},"inLanguage":"de","potentialAction":[{"@type":"ReadAction","target":["https:\/\/familiengeschichte-erleben.de\/?page_id=308"]}]},{"@type":"ImageObject","inLanguage":"de","@id":"https:\/\/familiengeschichte-erleben.de\/?page_id=308#primaryimage","url":"https:\/\/familiengeschichte-erleben.de\/wp-content\/uploads\/2020\/01\/Stammbaum.jpg","contentUrl":"https:\/\/familiengeschichte-erleben.de\/wp-content\/uploads\/2020\/01\/Stammbaum.jpg","width":1168,"height":1409},{"@type":"BreadcrumbList","@id":"https:\/\/familiengeschichte-erleben.de\/?page_id=308#breadcrumb","itemListElement":[{"@type":"ListItem","position":1,"name":"Startseite","item":"https:\/\/familiengeschichte-erleben.de\/"},{"@type":"ListItem","position":2,"name":"Ahnentafel \/ Stammbaum"}]},{"@type":"WebSite","@id":"https:\/\/familiengeschichte-erleben.de\/#website","url":"https:\/\/familiengeschichte-erleben.de\/","name":"Familiengeschichte erleben","description":"","publisher":{"@id":"https:\/\/familiengeschichte-erleben.de\/#\/schema\/person\/0e3136c0d00fa15f9588438744240a62"},"potentialAction":[{"@type":"SearchAction","target":{"@type":"EntryPoint","urlTemplate":"https:\/\/familiengeschichte-erleben.de\/?s={search_term_string}"},"query-input":{"@type":"PropertyValueSpecification","valueRequired":true,"valueName":"search_term_string"}}],"inLanguage":"de"},{"@type":["Person","Organization"],"@id":"https:\/\/familiengeschichte-erleben.de\/#\/schema\/person\/0e3136c0d00fa15f9588438744240a62","name":"hickelti","image":{"@type":"ImageObject","inLanguage":"de","@id":"https:\/\/secure.gravatar.com\/avatar\/2cbf71068d9b77d00a75a42210cb5bd46f5395fdd0d6ad34ea23fd9bc7ed98ee?s=96&d=mm&r=g","url":"https:\/\/secure.gravatar.com\/avatar\/2cbf71068d9b77d00a75a42210cb5bd46f5395fdd0d6ad34ea23fd9bc7ed98ee?s=96&d=mm&r=g","contentUrl":"https:\/\/secure.gravatar.com\/avatar\/2cbf71068d9b77d00a75a42210cb5bd46f5395fdd0d6ad34ea23fd9bc7ed98ee?s=96&d=mm&r=g","caption":"hickelti"},"logo":{"@id":"https:\/\/secure.gravatar.com\/avatar\/2cbf71068d9b77d00a75a42210cb5bd46f5395fdd0d6ad34ea23fd9bc7ed98ee?s=96&d=mm&r=g"}}]}},"_links":{"self":[{"href":"https:\/\/familiengeschichte-erleben.de\/index.php?rest_route=\/wp\/v2\/pages\/308","targetHints":{"allow":["GET"]}}],"collection":[{"href":"https:\/\/familiengeschichte-erleben.de\/index.php?rest_route=\/wp\/v2\/pages"}],"about":[{"href":"https:\/\/familiengeschichte-erleben.de\/index.php?rest_route=\/wp\/v2\/types\/page"}],"author":[{"embeddable":true,"href":"https:\/\/familiengeschichte-erleben.de\/index.php?rest_route=\/wp\/v2\/users\/1"}],"replies":[{"embeddable":true,"href":"https:\/\/familiengeschichte-erleben.de\/index.php?rest_route=%2Fwp%2Fv2%2Fcomments&post=308"}],"version-history":[{"count":26,"href":"https:\/\/familiengeschichte-erleben.de\/index.php?rest_route=\/wp\/v2\/pages\/308\/revisions"}],"predecessor-version":[{"id":486,"href":"https:\/\/familiengeschichte-erleben.de\/index.php?rest_route=\/wp\/v2\/pages\/308\/revisions\/486"}],"wp:attachment":[{"href":"https:\/\/familiengeschichte-erleben.de\/index.php?rest_route=%2Fwp%2Fv2%2Fmedia&parent=308"}],"curies":[{"name":"wp","href":"https:\/\/api.w.org\/{rel}","templated":true}]}}