{"id":314,"date":"2020-01-20T18:13:51","date_gmt":"2020-01-20T18:13:51","guid":{"rendered":"http:\/\/familiengeschichte-erleben.de\/?page_id=314"},"modified":"2020-01-29T07:16:08","modified_gmt":"2020-01-29T07:16:08","slug":"haeuserforschung","status":"publish","type":"page","link":"https:\/\/familiengeschichte-erleben.de\/?page_id=314","title":{"rendered":"H\u00e4userforschung"},"content":{"rendered":"\n<p style=\"font-size:8px\" class=\"has-text-align-right\">H\u00e4userforschung &#8211; Familiengeschichte erleben &#8211; Anke Stier<\/p>\n\n\n\n<div class=\"wp-block-media-text alignwide is-stacked-on-mobile\"><figure class=\"wp-block-media-text__media\"><img loading=\"lazy\" decoding=\"async\" width=\"853\" height=\"596\" src=\"http:\/\/familiengeschichte-erleben.de\/wp-content\/uploads\/2020\/01\/Haus-1.jpg\" alt=\"\" class=\"wp-image-415\" srcset=\"https:\/\/familiengeschichte-erleben.de\/wp-content\/uploads\/2020\/01\/Haus-1.jpg 853w, https:\/\/familiengeschichte-erleben.de\/wp-content\/uploads\/2020\/01\/Haus-1-300x210.jpg 300w, https:\/\/familiengeschichte-erleben.de\/wp-content\/uploads\/2020\/01\/Haus-1-768x537.jpg 768w\" sizes=\"auto, (max-width: 853px) 100vw, 853px\" \/><\/figure><div class=\"wp-block-media-text__content\">\n<p class=\"has-normal-font-size\">Sie m\u00f6chten eine H\u00e4usergeschichte und die  Geschichte der Bewohner recherchieren? Hier ein paar Hinweise zum Thema:<\/p>\n\n\n\n<p>Das Erstellen einer Ahnentafeln kann sinnvoll sein, um Personen und Daten besser zu verbinden:  H\u00e4ufig ist zum Beispiel das Heiratsjahr eines Paares auch das Jahr in dem der Hof\/Haus \u00fcbernommen wurde.  Auch verwandschaftliche Verbindungen werden besser erkannt, wie bei der Hof\u00fcbergabe an den &#8222;Tochtermann&#8220; (Schwiegersohn). <\/p>\n<\/div><\/div>\n\n\n\n<div class=\"wp-block-media-text alignwide has-background is-stacked-on-mobile\" style=\"background-color:#c1c4c5\"><figure class=\"wp-block-media-text__media\"><img loading=\"lazy\" decoding=\"async\" width=\"1024\" height=\"701\" src=\"http:\/\/familiengeschichte-erleben.de\/wp-content\/uploads\/2020\/01\/HOf-1024x701.png\" alt=\"\" class=\"wp-image-419\" srcset=\"https:\/\/familiengeschichte-erleben.de\/wp-content\/uploads\/2020\/01\/HOf-1024x701.png 1024w, https:\/\/familiengeschichte-erleben.de\/wp-content\/uploads\/2020\/01\/HOf-300x205.png 300w, https:\/\/familiengeschichte-erleben.de\/wp-content\/uploads\/2020\/01\/HOf-768x526.png 768w, https:\/\/familiengeschichte-erleben.de\/wp-content\/uploads\/2020\/01\/HOf.png 1063w\" sizes=\"auto, (max-width: 1024px) 100vw, 1024px\" \/><\/figure><div class=\"wp-block-media-text__content\">\n<p style=\"background-color:#c1c4c5\" class=\"has-background has-normal-font-size\">In den <a href=\"https:\/\/www2.landesarchiv-bw.de\/ofs21\/olf\/struktur.php?bestand=19830&amp;sprungId=575969&amp;letztesLimit=suchen\">G\u00fclt- und Lagerb\u00fcchern<\/a>, sp\u00e4ter G\u00fcter- und Grundb\u00fcchern werden die Besitzer von Hofstellen oft mit \u00dcbernahmedatum und Angabe zum Besitz verzeichnet.<\/p>\n\n\n\n<p style=\"background-color:#c1c4c5\" class=\"has-background has-normal-font-size\">Karten, Pl\u00e4ne und Vertr\u00e4gen (z.B. <a href=\"https:\/\/www2.landesarchiv-bw.de\/ofs21\/olf\/struktur.php?bestand=50259\">Urnummernkarten<\/a>, Kaufvertr\u00e4ge, Ehevertr\u00e4gen &#8230; ) sind ein weiterer Baustein zur Erforschung von H\u00e4usergeschichten.<\/p>\n<\/div><\/div>\n\n\n\n<div class=\"wp-block-media-text alignwide is-stacked-on-mobile\" style=\"grid-template-columns:65% auto\"><figure class=\"wp-block-media-text__media\"><img loading=\"lazy\" decoding=\"async\" width=\"1024\" height=\"455\" src=\"http:\/\/familiengeschichte-erleben.de\/wp-content\/uploads\/2020\/01\/Immo-1024x455.jpg\" alt=\"\" class=\"wp-image-424\" srcset=\"https:\/\/familiengeschichte-erleben.de\/wp-content\/uploads\/2020\/01\/Immo-1024x455.jpg 1024w, https:\/\/familiengeschichte-erleben.de\/wp-content\/uploads\/2020\/01\/Immo-300x133.jpg 300w, https:\/\/familiengeschichte-erleben.de\/wp-content\/uploads\/2020\/01\/Immo-768x341.jpg 768w, https:\/\/familiengeschichte-erleben.de\/wp-content\/uploads\/2020\/01\/Immo.jpg 1063w\" sizes=\"auto, (max-width: 1024px) 100vw, 1024px\" \/><\/figure><div class=\"wp-block-media-text__content\">\n<p class=\"has-normal-font-size\">Die Besitzerabfolge und Angaben zu Haus und Hof k\u00f6nnen mit all diesen Informationen dargestellt werden: Eine Immobilienchronik entsteht<\/p>\n\n\n\n<p>Falls Sie Interesse an H\u00e4userforschung haben und die Geschichte eines Geb\u00e4udes recherchieren lassen m\u00f6chten, k\u00f6nnen Sie mich gerne <a href=\"http:\/\/familiengeschichte-erleben.de\/?page_id=41\">kontaktieren<\/a>.<\/p>\n<\/div><\/div>\n\n\n\n<p style=\"font-size:8px\" class=\"has-text-align-right\">H\u00e4userforschung &#8211; Familiengeschichte erleben &#8211; Anke Stier<\/p>\n","protected":false},"excerpt":{"rendered":"<p>H\u00e4userforschung &#8211; Familiengeschichte erleben &#8211; Anke Stier Sie m\u00f6chten eine H\u00e4usergeschichte und die Geschichte der Bewohner recherchieren? Hier ein paar Hinweise zum Thema: Das Erstellen einer Ahnentafeln kann sinnvoll sein, um Personen und Daten besser zu verbinden: H\u00e4ufig ist zum Beispiel das Heiratsjahr eines Paares auch das Jahr in dem der Hof\/Haus \u00fcbernommen wurde. Auch<span class=\"post-excerpt-end\">&hellip;<\/span><\/p>\n<p class=\"more-link\"><a href=\"https:\/\/familiengeschichte-erleben.de\/?page_id=314\" class=\"themebutton\">Read More<\/a><\/p>\n","protected":false},"author":1,"featured_media":0,"parent":0,"menu_order":0,"comment_status":"closed","ping_status":"closed","template":"","meta":{"footnotes":""},"class_list":["post-314","page","type-page","status-publish","hentry"],"yoast_head":"<!-- This site is optimized with the Yoast SEO plugin v27.3 - https:\/\/yoast.com\/product\/yoast-seo-wordpress\/ -->\n<title>H\u00e4userforschung - Familiengeschichte erleben - Anke Stier<\/title>\n<meta name=\"description\" content=\"H\u00e4userforschung - Familiengeschichte erleben - Anke Stier: Erkl\u00e4rungen und Beispiele\" \/>\n<meta name=\"robots\" content=\"index, follow, max-snippet:-1, max-image-preview:large, max-video-preview:-1\" \/>\n<link rel=\"canonical\" href=\"http:\/\/familiengeschichte-erleben.de\/?page_id=314\" \/>\n<meta property=\"og:locale\" content=\"de_DE\" \/>\n<meta property=\"og:type\" content=\"article\" \/>\n<meta property=\"og:title\" content=\"H\u00e4userforschung - Familiengeschichte erleben - Anke Stier\" \/>\n<meta property=\"og:description\" content=\"H\u00e4userforschung - Familiengeschichte erleben - Anke Stier: Erkl\u00e4rungen und Beispiele\" \/>\n<meta property=\"og:url\" content=\"http:\/\/familiengeschichte-erleben.de\/?page_id=314\" \/>\n<meta property=\"og:site_name\" content=\"Familiengeschichte erleben\" \/>\n<meta property=\"article:modified_time\" content=\"2020-01-29T07:16:08+00:00\" \/>\n<meta property=\"og:image\" content=\"http:\/\/familiengeschichte-erleben.de\/wp-content\/uploads\/2020\/01\/Haus-1.jpg\" \/>\n<meta name=\"twitter:card\" content=\"summary_large_image\" \/>\n<meta name=\"twitter:label1\" content=\"Gesch\u00e4tzte Lesezeit\" \/>\n\t<meta name=\"twitter:data1\" content=\"1\u00a0Minute\" \/>\n<script type=\"application\/ld+json\" class=\"yoast-schema-graph\">{\"@context\":\"https:\\\/\\\/schema.org\",\"@graph\":[{\"@type\":\"WebPage\",\"@id\":\"http:\\\/\\\/familiengeschichte-erleben.de\\\/?page_id=314\",\"url\":\"http:\\\/\\\/familiengeschichte-erleben.de\\\/?page_id=314\",\"name\":\"H\u00e4userforschung - Familiengeschichte erleben - Anke Stier\",\"isPartOf\":{\"@id\":\"https:\\\/\\\/familiengeschichte-erleben.de\\\/#website\"},\"primaryImageOfPage\":{\"@id\":\"http:\\\/\\\/familiengeschichte-erleben.de\\\/?page_id=314#primaryimage\"},\"image\":{\"@id\":\"http:\\\/\\\/familiengeschichte-erleben.de\\\/?page_id=314#primaryimage\"},\"thumbnailUrl\":\"http:\\\/\\\/familiengeschichte-erleben.de\\\/wp-content\\\/uploads\\\/2020\\\/01\\\/Haus-1.jpg\",\"datePublished\":\"2020-01-20T18:13:51+00:00\",\"dateModified\":\"2020-01-29T07:16:08+00:00\",\"description\":\"H\u00e4userforschung - Familiengeschichte erleben - Anke Stier: Erkl\u00e4rungen und Beispiele\",\"breadcrumb\":{\"@id\":\"http:\\\/\\\/familiengeschichte-erleben.de\\\/?page_id=314#breadcrumb\"},\"inLanguage\":\"de\",\"potentialAction\":[{\"@type\":\"ReadAction\",\"target\":[\"http:\\\/\\\/familiengeschichte-erleben.de\\\/?page_id=314\"]}]},{\"@type\":\"ImageObject\",\"inLanguage\":\"de\",\"@id\":\"http:\\\/\\\/familiengeschichte-erleben.de\\\/?page_id=314#primaryimage\",\"url\":\"https:\\\/\\\/familiengeschichte-erleben.de\\\/wp-content\\\/uploads\\\/2020\\\/01\\\/Haus-1.jpg\",\"contentUrl\":\"https:\\\/\\\/familiengeschichte-erleben.de\\\/wp-content\\\/uploads\\\/2020\\\/01\\\/Haus-1.jpg\",\"width\":853,\"height\":596},{\"@type\":\"BreadcrumbList\",\"@id\":\"http:\\\/\\\/familiengeschichte-erleben.de\\\/?page_id=314#breadcrumb\",\"itemListElement\":[{\"@type\":\"ListItem\",\"position\":1,\"name\":\"Startseite\",\"item\":\"https:\\\/\\\/familiengeschichte-erleben.de\\\/\"},{\"@type\":\"ListItem\",\"position\":2,\"name\":\"H\u00e4userforschung\"}]},{\"@type\":\"WebSite\",\"@id\":\"https:\\\/\\\/familiengeschichte-erleben.de\\\/#website\",\"url\":\"https:\\\/\\\/familiengeschichte-erleben.de\\\/\",\"name\":\"Familiengeschichte erleben\",\"description\":\"\",\"publisher\":{\"@id\":\"https:\\\/\\\/familiengeschichte-erleben.de\\\/#\\\/schema\\\/person\\\/0e3136c0d00fa15f9588438744240a62\"},\"potentialAction\":[{\"@type\":\"SearchAction\",\"target\":{\"@type\":\"EntryPoint\",\"urlTemplate\":\"https:\\\/\\\/familiengeschichte-erleben.de\\\/?s={search_term_string}\"},\"query-input\":{\"@type\":\"PropertyValueSpecification\",\"valueRequired\":true,\"valueName\":\"search_term_string\"}}],\"inLanguage\":\"de\"},{\"@type\":[\"Person\",\"Organization\"],\"@id\":\"https:\\\/\\\/familiengeschichte-erleben.de\\\/#\\\/schema\\\/person\\\/0e3136c0d00fa15f9588438744240a62\",\"name\":\"hickelti\",\"image\":{\"@type\":\"ImageObject\",\"inLanguage\":\"de\",\"@id\":\"https:\\\/\\\/secure.gravatar.com\\\/avatar\\\/2cbf71068d9b77d00a75a42210cb5bd46f5395fdd0d6ad34ea23fd9bc7ed98ee?s=96&d=mm&r=g\",\"url\":\"https:\\\/\\\/secure.gravatar.com\\\/avatar\\\/2cbf71068d9b77d00a75a42210cb5bd46f5395fdd0d6ad34ea23fd9bc7ed98ee?s=96&d=mm&r=g\",\"contentUrl\":\"https:\\\/\\\/secure.gravatar.com\\\/avatar\\\/2cbf71068d9b77d00a75a42210cb5bd46f5395fdd0d6ad34ea23fd9bc7ed98ee?s=96&d=mm&r=g\",\"caption\":\"hickelti\"},\"logo\":{\"@id\":\"https:\\\/\\\/secure.gravatar.com\\\/avatar\\\/2cbf71068d9b77d00a75a42210cb5bd46f5395fdd0d6ad34ea23fd9bc7ed98ee?s=96&d=mm&r=g\"}}]}<\/script>\n<!-- \/ Yoast SEO plugin. -->","yoast_head_json":{"title":"H\u00e4userforschung - Familiengeschichte erleben - Anke Stier","description":"H\u00e4userforschung - Familiengeschichte erleben - Anke Stier: Erkl\u00e4rungen und Beispiele","robots":{"index":"index","follow":"follow","max-snippet":"max-snippet:-1","max-image-preview":"max-image-preview:large","max-video-preview":"max-video-preview:-1"},"canonical":"http:\/\/familiengeschichte-erleben.de\/?page_id=314","og_locale":"de_DE","og_type":"article","og_title":"H\u00e4userforschung - Familiengeschichte erleben - Anke Stier","og_description":"H\u00e4userforschung - Familiengeschichte erleben - Anke Stier: Erkl\u00e4rungen und Beispiele","og_url":"http:\/\/familiengeschichte-erleben.de\/?page_id=314","og_site_name":"Familiengeschichte erleben","article_modified_time":"2020-01-29T07:16:08+00:00","og_image":[{"url":"http:\/\/familiengeschichte-erleben.de\/wp-content\/uploads\/2020\/01\/Haus-1.jpg","type":"","width":"","height":""}],"twitter_card":"summary_large_image","twitter_misc":{"Gesch\u00e4tzte Lesezeit":"1\u00a0Minute"},"schema":{"@context":"https:\/\/schema.org","@graph":[{"@type":"WebPage","@id":"http:\/\/familiengeschichte-erleben.de\/?page_id=314","url":"http:\/\/familiengeschichte-erleben.de\/?page_id=314","name":"H\u00e4userforschung - Familiengeschichte erleben - Anke Stier","isPartOf":{"@id":"https:\/\/familiengeschichte-erleben.de\/#website"},"primaryImageOfPage":{"@id":"http:\/\/familiengeschichte-erleben.de\/?page_id=314#primaryimage"},"image":{"@id":"http:\/\/familiengeschichte-erleben.de\/?page_id=314#primaryimage"},"thumbnailUrl":"http:\/\/familiengeschichte-erleben.de\/wp-content\/uploads\/2020\/01\/Haus-1.jpg","datePublished":"2020-01-20T18:13:51+00:00","dateModified":"2020-01-29T07:16:08+00:00","description":"H\u00e4userforschung - Familiengeschichte erleben - Anke Stier: Erkl\u00e4rungen und Beispiele","breadcrumb":{"@id":"http:\/\/familiengeschichte-erleben.de\/?page_id=314#breadcrumb"},"inLanguage":"de","potentialAction":[{"@type":"ReadAction","target":["http:\/\/familiengeschichte-erleben.de\/?page_id=314"]}]},{"@type":"ImageObject","inLanguage":"de","@id":"http:\/\/familiengeschichte-erleben.de\/?page_id=314#primaryimage","url":"https:\/\/familiengeschichte-erleben.de\/wp-content\/uploads\/2020\/01\/Haus-1.jpg","contentUrl":"https:\/\/familiengeschichte-erleben.de\/wp-content\/uploads\/2020\/01\/Haus-1.jpg","width":853,"height":596},{"@type":"BreadcrumbList","@id":"http:\/\/familiengeschichte-erleben.de\/?page_id=314#breadcrumb","itemListElement":[{"@type":"ListItem","position":1,"name":"Startseite","item":"https:\/\/familiengeschichte-erleben.de\/"},{"@type":"ListItem","position":2,"name":"H\u00e4userforschung"}]},{"@type":"WebSite","@id":"https:\/\/familiengeschichte-erleben.de\/#website","url":"https:\/\/familiengeschichte-erleben.de\/","name":"Familiengeschichte erleben","description":"","publisher":{"@id":"https:\/\/familiengeschichte-erleben.de\/#\/schema\/person\/0e3136c0d00fa15f9588438744240a62"},"potentialAction":[{"@type":"SearchAction","target":{"@type":"EntryPoint","urlTemplate":"https:\/\/familiengeschichte-erleben.de\/?s={search_term_string}"},"query-input":{"@type":"PropertyValueSpecification","valueRequired":true,"valueName":"search_term_string"}}],"inLanguage":"de"},{"@type":["Person","Organization"],"@id":"https:\/\/familiengeschichte-erleben.de\/#\/schema\/person\/0e3136c0d00fa15f9588438744240a62","name":"hickelti","image":{"@type":"ImageObject","inLanguage":"de","@id":"https:\/\/secure.gravatar.com\/avatar\/2cbf71068d9b77d00a75a42210cb5bd46f5395fdd0d6ad34ea23fd9bc7ed98ee?s=96&d=mm&r=g","url":"https:\/\/secure.gravatar.com\/avatar\/2cbf71068d9b77d00a75a42210cb5bd46f5395fdd0d6ad34ea23fd9bc7ed98ee?s=96&d=mm&r=g","contentUrl":"https:\/\/secure.gravatar.com\/avatar\/2cbf71068d9b77d00a75a42210cb5bd46f5395fdd0d6ad34ea23fd9bc7ed98ee?s=96&d=mm&r=g","caption":"hickelti"},"logo":{"@id":"https:\/\/secure.gravatar.com\/avatar\/2cbf71068d9b77d00a75a42210cb5bd46f5395fdd0d6ad34ea23fd9bc7ed98ee?s=96&d=mm&r=g"}}]}},"_links":{"self":[{"href":"https:\/\/familiengeschichte-erleben.de\/index.php?rest_route=\/wp\/v2\/pages\/314","targetHints":{"allow":["GET"]}}],"collection":[{"href":"https:\/\/familiengeschichte-erleben.de\/index.php?rest_route=\/wp\/v2\/pages"}],"about":[{"href":"https:\/\/familiengeschichte-erleben.de\/index.php?rest_route=\/wp\/v2\/types\/page"}],"author":[{"embeddable":true,"href":"https:\/\/familiengeschichte-erleben.de\/index.php?rest_route=\/wp\/v2\/users\/1"}],"replies":[{"embeddable":true,"href":"https:\/\/familiengeschichte-erleben.de\/index.php?rest_route=%2Fwp%2Fv2%2Fcomments&post=314"}],"version-history":[{"count":16,"href":"https:\/\/familiengeschichte-erleben.de\/index.php?rest_route=\/wp\/v2\/pages\/314\/revisions"}],"predecessor-version":[{"id":442,"href":"https:\/\/familiengeschichte-erleben.de\/index.php?rest_route=\/wp\/v2\/pages\/314\/revisions\/442"}],"wp:attachment":[{"href":"https:\/\/familiengeschichte-erleben.de\/index.php?rest_route=%2Fwp%2Fv2%2Fmedia&parent=314"}],"curies":[{"name":"wp","href":"https:\/\/api.w.org\/{rel}","templated":true}]}}