{"id":317,"date":"2020-01-20T18:15:06","date_gmt":"2020-01-20T18:15:06","guid":{"rendered":"http:\/\/familiengeschichte-erleben.de\/?page_id=317"},"modified":"2020-03-08T07:07:27","modified_gmt":"2020-03-08T07:07:27","slug":"lesen-von-alten-schriften","status":"publish","type":"page","link":"https:\/\/familiengeschichte-erleben.de\/?page_id=317","title":{"rendered":"Familiengeschichten"},"content":{"rendered":"\n<p style=\"font-size:10px\" class=\"has-text-align-right\">Lesen von alten Schriften &#8211; Familiengeschichte erleben &#8211; Anke Stier<\/p>\n\n\n\n<div style=\"height:20px\" aria-hidden=\"true\" class=\"wp-block-spacer\"><\/div>\n\n\n\n<p>Geschichten, die unsere Vorfahren erlebt haben, lassen die Menschen wieder lebendig werden und schaffen eine Verbindung. Es gibt viele Themen, die sich recherchieren lassen:<\/p>\n\n\n\n<div style=\"height:20px\" aria-hidden=\"true\" class=\"wp-block-spacer\"><\/div>\n\n\n\n<div class=\"wp-block-media-text alignwide has-background is-stacked-on-mobile\" style=\"background-color:#c1c4c5\"><figure class=\"wp-block-media-text__media\"><img loading=\"lazy\" decoding=\"async\" width=\"818\" height=\"1024\" src=\"http:\/\/familiengeschichte-erleben.de\/wp-content\/uploads\/2020\/01\/August-Karle-Einb\u00fcrgerung-USA-e1580283149258-818x1024.jpg\" alt=\"\" class=\"wp-image-450\" srcset=\"https:\/\/familiengeschichte-erleben.de\/wp-content\/uploads\/2020\/01\/August-Karle-Einb\u00fcrgerung-USA-e1580283149258-818x1024.jpg 818w, https:\/\/familiengeschichte-erleben.de\/wp-content\/uploads\/2020\/01\/August-Karle-Einb\u00fcrgerung-USA-e1580283149258-240x300.jpg 240w, https:\/\/familiengeschichte-erleben.de\/wp-content\/uploads\/2020\/01\/August-Karle-Einb\u00fcrgerung-USA-e1580283149258-768x961.jpg 768w, https:\/\/familiengeschichte-erleben.de\/wp-content\/uploads\/2020\/01\/August-Karle-Einb\u00fcrgerung-USA-e1580283149258-1228x1536.jpg 1228w, https:\/\/familiengeschichte-erleben.de\/wp-content\/uploads\/2020\/01\/August-Karle-Einb\u00fcrgerung-USA-e1580283149258.jpg 1290w\" sizes=\"auto, (max-width: 818px) 100vw, 818px\" \/><\/figure><div class=\"wp-block-media-text__content\">\n<p class=\"has-medium-font-size\">Auswanderer <\/p>\n\n\n\n<p>In schweren Zeiten gab und gibt es Auswanderungswillige, die Ihr Gl\u00fcck fernab der Heimat suchen.<\/p>\n\n\n\n<p>Ihre Geschichten lassen sich zum Teil in Auswanderungsantr\u00e4gen, Passagierlisten, Einb\u00fcrgerungsakten, Volksz\u00e4hlungs- und Adresslisten, Briefen und Tageb\u00fcchern nachvollziehen. Warum nahmen die Menschen den oft m\u00fchsamen und endg\u00fcltigen Schritt auf sich? Wohin hat es sie auf Ihrer Reise verschlagen? Haben sie ihr Gl\u00fcck gefunden?<\/p>\n\n\n\n<p>Interessante Links zum Thema finden Sie <a href=\"http:\/\/familiengeschichte-erleben.de\/?page_id=91\">hier<\/a>.<\/p>\n<\/div><\/div>\n\n\n\n<div class=\"wp-block-media-text alignwide is-stacked-on-mobile\"><figure class=\"wp-block-media-text__media\"><img loading=\"lazy\" decoding=\"async\" width=\"412\" height=\"584\" src=\"http:\/\/familiengeschichte-erleben.de\/wp-content\/uploads\/2020\/01\/Opa-Theo-als-Soldat.jpg\" alt=\"\" class=\"wp-image-408\" srcset=\"https:\/\/familiengeschichte-erleben.de\/wp-content\/uploads\/2020\/01\/Opa-Theo-als-Soldat.jpg 412w, https:\/\/familiengeschichte-erleben.de\/wp-content\/uploads\/2020\/01\/Opa-Theo-als-Soldat-212x300.jpg 212w\" sizes=\"auto, (max-width: 412px) 100vw, 412px\" \/><\/figure><div class=\"wp-block-media-text__content\">\n<div style=\"height:20px\" aria-hidden=\"true\" class=\"wp-block-spacer\"><\/div>\n\n\n\n<p class=\"has-medium-font-size\">Milit\u00e4rische Familiengeschichten<\/p>\n\n\n\n<p>Zwei Weltkriege haben unsere Vorfahren in den letzten gut 100 Jahren erlebt. Auch davor waren Krieg der Herrschaft immer wieder Teil des Alltags der Menschen. Ob durch den eigenen Milit\u00e4rdienst oder Kriegseinsatz, Einquartierung von Soldaten oder Abgaben, die milit\u00e4rischen Auseinandersetzung bekammen die Menschen oft deutlich zu sp\u00fcren.<\/p>\n\n\n\n<p>Was bedeutete der Milit\u00e4reinsatz f\u00fcr die Menschen und ihren Alltag? Was waren die geschichtlichen Hintergr\u00fcnde f\u00fcr Auseinandersetzungen? Wo hatten die Soldaten ihre Kriegseins\u00e4tze? Welche Wege haben sie dabei zur\u00fcckgelegt?<\/p>\n<\/div><\/div>\n\n\n\n<div class=\"wp-block-media-text alignwide has-background\" style=\"background-color:#c1c4c5\"><figure class=\"wp-block-media-text__media\"><img loading=\"lazy\" decoding=\"async\" width=\"499\" height=\"514\" src=\"http:\/\/familiengeschichte-erleben.de\/wp-content\/uploads\/2020\/01\/Sch\u00e4fer2.jpg\" alt=\"\" class=\"wp-image-466\" srcset=\"https:\/\/familiengeschichte-erleben.de\/wp-content\/uploads\/2020\/01\/Sch\u00e4fer2.jpg 499w, https:\/\/familiengeschichte-erleben.de\/wp-content\/uploads\/2020\/01\/Sch\u00e4fer2-291x300.jpg 291w\" sizes=\"auto, (max-width: 499px) 100vw, 499px\" \/><\/figure><div class=\"wp-block-media-text__content\">\n<p class=\"has-medium-font-size\"> Berufe <\/p>\n\n\n\n<p>In vielen Familien gibt es Berufe, die \u00fcber Generationen vom Vater an den Sohn oder Schwiegersohn weitergegeben wurden. Bauer, Schmied, Weber, Sch\u00e4fer &#8230; h\u00e4ufig \u00fcbernimmt  die n\u00e4chste Generation Hof, Werkstatt oder einfach Werkzeuge und erlernt den Beruf beim Vater.<\/p>\n\n\n\n<p>Wie hat der Berufsalltag der Menschen ausgesehen? Wie ver\u00e4ndern sich die Berufe im Laufe der Zeit? Was steckt hinter mancher altert\u00fcmlichen Berufsbezeichnung (<a href=\"http:\/\/www.zeno.org\/Meyers-1905\">Meyers Konversationslexikon<\/a> \/ <a href=\"http:\/\/woerterbuchnetz.de\/cgi-bin\/WBNetz\/wbgui_py?sigle=DWB\">Lexikon der Gebr\u00fcder Grimm<\/a>?<\/p>\n<\/div><\/div>\n\n\n\n<div class=\"wp-block-media-text alignwide is-stacked-on-mobile\"><figure class=\"wp-block-media-text__media\"><img loading=\"lazy\" decoding=\"async\" width=\"641\" height=\"430\" src=\"http:\/\/familiengeschichte-erleben.de\/wp-content\/uploads\/2020\/01\/Schule.jpg\" alt=\"\" class=\"wp-image-462\" srcset=\"https:\/\/familiengeschichte-erleben.de\/wp-content\/uploads\/2020\/01\/Schule.jpg 641w, https:\/\/familiengeschichte-erleben.de\/wp-content\/uploads\/2020\/01\/Schule-300x201.jpg 300w, https:\/\/familiengeschichte-erleben.de\/wp-content\/uploads\/2020\/01\/Schule-380x254.jpg 380w, https:\/\/familiengeschichte-erleben.de\/wp-content\/uploads\/2020\/01\/Schule-285x190.jpg 285w\" sizes=\"auto, (max-width: 641px) 100vw, 641px\" \/><\/figure><div class=\"wp-block-media-text__content\">\n<div style=\"height:20px\" aria-hidden=\"true\" class=\"wp-block-spacer\"><\/div>\n\n\n\n<p class=\"has-medium-font-size\">Schule <\/p>\n\n\n\n<p>In W\u00fcrttemberg wurden schon um 1550 unter dem Einflu\u00df der Reformation viele Dorfschulen errichtet. Schulordnungen werden verfasst, die den Schulbetrieb auch im kirchlichen Kontext festlegen. Visitationsprotokolle sind \u00fcberliefert, die Beurteilungen von Pfarrern und Schullehrern in beruflicher Hinsicht enthalten, aber auch den Lebenswandel der Personen beleuchten. Protokolle von Schulgremien wie Schulgemeinderat finden sich ab dem 19. Jahrhundert, ab dem das Schulwesen verstaatlicht wird.  Mit diesen und weiteren Dokumenten kann die Schulgeschichte eines Ortes oder Gemeinde beleuchtet werden. <\/p>\n\n\n\n<p>Wo ist mein Vorfahr zur Schule gegangen? Wie hat der Klassenraum ausgesehen? Wie wurde unterrichtet?<\/p>\n<\/div><\/div>\n\n\n\n<div class=\"wp-block-media-text alignwide has-background is-stacked-on-mobile\" style=\"background-color:#c1c4c5\"><figure class=\"wp-block-media-text__media\"><img loading=\"lazy\" decoding=\"async\" width=\"1024\" height=\"890\" src=\"http:\/\/familiengeschichte-erleben.de\/wp-content\/uploads\/2020\/01\/Geschichten-aus-dem-Alltagsleben-1024x890.jpg\" alt=\"\" class=\"wp-image-463\" srcset=\"https:\/\/familiengeschichte-erleben.de\/wp-content\/uploads\/2020\/01\/Geschichten-aus-dem-Alltagsleben-1024x890.jpg 1024w, https:\/\/familiengeschichte-erleben.de\/wp-content\/uploads\/2020\/01\/Geschichten-aus-dem-Alltagsleben-300x261.jpg 300w, https:\/\/familiengeschichte-erleben.de\/wp-content\/uploads\/2020\/01\/Geschichten-aus-dem-Alltagsleben-768x667.jpg 768w, https:\/\/familiengeschichte-erleben.de\/wp-content\/uploads\/2020\/01\/Geschichten-aus-dem-Alltagsleben.jpg 1038w\" sizes=\"auto, (max-width: 1024px) 100vw, 1024px\" \/><\/figure><div class=\"wp-block-media-text__content\">\n<div style=\"height:20px\" aria-hidden=\"true\" class=\"wp-block-spacer\"><\/div>\n\n\n\n<p class=\"has-medium-font-size\"> Geschichten aus dem Alltagsleben <\/p>\n\n\n\n<p>Neben den oben erw\u00e4hnten Geschichten lassen sich oft Ereignisse aus dem Alltagsleben der Menschen aus Akten der zust\u00e4ndigen herrschaftlichen \u00c4mter entnehmen. Schon jeher haben Menschen ihre Streitigkeiten und Dispute vor den &#8222;Gerichten&#8220; der Herrschaft ausgetragen, oder die Herrschaft ihrerseits die Vergehen der Untertanen gegen bestehendes Recht bestraft. Viele dieser &#8222;F\u00e4lle&#8220; lassen sich in Akten nachlesen:<\/p>\n\n\n\n<ul class=\"wp-block-list\"><li> Streitigkeiten beim Handel &#8211; zum Beispiel &#8222;um einen z\u00e4ckigen Ochsen&#8220; <\/li><li>Unzucht vor der Ehe <\/li><li>Diebstahl<\/li><li> Schl\u00e4gereien \/ Messerstechereien<\/li><li> Br\u00e4nde<\/li><li>Zehnt wird nicht bezahlt &#8230;.<\/li><\/ul>\n<\/div><\/div>\n\n\n\n<div style=\"height:100px\" aria-hidden=\"true\" class=\"wp-block-spacer\"><\/div>\n\n\n\n<p>Falls Sie Lust auf &#8222;Familiengeschichten&#8220; bekommen haben und Ihre Vorfahren damit lebendig machen wollen, unterst\u00fctze ich Sie gern dabei &#8211; <a href=\"http:\/\/familiengeschichte-erleben.de\/?page_id=41\">Kontakt<\/a>.<\/p>\n\n\n\n<div style=\"height:100px\" aria-hidden=\"true\" class=\"wp-block-spacer\"><\/div>\n\n\n\n<p style=\"font-size:10px\" class=\"has-text-align-right\">Lesen von alten Schriften &#8211; Familiengeschichte erleben &#8211; Anke Stier<\/p>\n","protected":false},"excerpt":{"rendered":"<p>Lesen von alten Schriften &#8211; Familiengeschichte erleben &#8211; Anke Stier Geschichten, die unsere Vorfahren erlebt haben, lassen die Menschen wieder lebendig werden und schaffen eine Verbindung. Es gibt viele Themen, die sich recherchieren lassen: Auswanderer In schweren Zeiten gab und gibt es Auswanderungswillige, die Ihr Gl\u00fcck fernab der Heimat suchen. Ihre Geschichten lassen sich zum<span class=\"post-excerpt-end\">&hellip;<\/span><\/p>\n<p class=\"more-link\"><a href=\"https:\/\/familiengeschichte-erleben.de\/?page_id=317\" class=\"themebutton\">Read More<\/a><\/p>\n","protected":false},"author":1,"featured_media":0,"parent":0,"menu_order":0,"comment_status":"closed","ping_status":"closed","template":"","meta":{"footnotes":""},"class_list":["post-317","page","type-page","status-publish","hentry"],"yoast_head":"<!-- This site is optimized with the Yoast SEO plugin v27.3 - https:\/\/yoast.com\/product\/yoast-seo-wordpress\/ -->\n<title>Familiengeschichten - Familiengeschichte erleben -Anke Stier<\/title>\n<meta name=\"description\" content=\"Lesen von alten Schriften - Familiengeschichte erleben - Anke Stier: Erkl\u00e4rungen und Beispiele\" \/>\n<meta name=\"robots\" content=\"index, follow, max-snippet:-1, max-image-preview:large, max-video-preview:-1\" \/>\n<link rel=\"canonical\" href=\"http:\/\/familiengeschichte-erleben.de\/?page_id=317\" \/>\n<meta property=\"og:locale\" content=\"de_DE\" \/>\n<meta property=\"og:type\" content=\"article\" \/>\n<meta property=\"og:title\" content=\"Familiengeschichten - Familiengeschichte erleben -Anke Stier\" \/>\n<meta property=\"og:description\" content=\"Lesen von alten Schriften - Familiengeschichte erleben - Anke Stier: Erkl\u00e4rungen und Beispiele\" \/>\n<meta property=\"og:url\" content=\"http:\/\/familiengeschichte-erleben.de\/?page_id=317\" \/>\n<meta property=\"og:site_name\" content=\"Familiengeschichte erleben\" \/>\n<meta property=\"article:modified_time\" content=\"2020-03-08T07:07:27+00:00\" \/>\n<meta property=\"og:image\" content=\"http:\/\/familiengeschichte-erleben.de\/wp-content\/uploads\/2020\/01\/Opa-Theo-als-Soldat.jpg\" \/>\n<meta name=\"twitter:card\" content=\"summary_large_image\" \/>\n<meta name=\"twitter:label1\" content=\"Gesch\u00e4tzte Lesezeit\" \/>\n\t<meta name=\"twitter:data1\" content=\"2\u00a0Minuten\" \/>\n<script type=\"application\/ld+json\" class=\"yoast-schema-graph\">{\"@context\":\"https:\\\/\\\/schema.org\",\"@graph\":[{\"@type\":\"WebPage\",\"@id\":\"http:\\\/\\\/familiengeschichte-erleben.de\\\/?page_id=317\",\"url\":\"http:\\\/\\\/familiengeschichte-erleben.de\\\/?page_id=317\",\"name\":\"Familiengeschichten - Familiengeschichte erleben -Anke Stier\",\"isPartOf\":{\"@id\":\"https:\\\/\\\/familiengeschichte-erleben.de\\\/#website\"},\"primaryImageOfPage\":{\"@id\":\"http:\\\/\\\/familiengeschichte-erleben.de\\\/?page_id=317#primaryimage\"},\"image\":{\"@id\":\"http:\\\/\\\/familiengeschichte-erleben.de\\\/?page_id=317#primaryimage\"},\"thumbnailUrl\":\"http:\\\/\\\/familiengeschichte-erleben.de\\\/wp-content\\\/uploads\\\/2020\\\/01\\\/Opa-Theo-als-Soldat.jpg\",\"datePublished\":\"2020-01-20T18:15:06+00:00\",\"dateModified\":\"2020-03-08T07:07:27+00:00\",\"description\":\"Lesen von alten Schriften - Familiengeschichte erleben - Anke Stier: Erkl\u00e4rungen und Beispiele\",\"breadcrumb\":{\"@id\":\"http:\\\/\\\/familiengeschichte-erleben.de\\\/?page_id=317#breadcrumb\"},\"inLanguage\":\"de\",\"potentialAction\":[{\"@type\":\"ReadAction\",\"target\":[\"http:\\\/\\\/familiengeschichte-erleben.de\\\/?page_id=317\"]}]},{\"@type\":\"ImageObject\",\"inLanguage\":\"de\",\"@id\":\"http:\\\/\\\/familiengeschichte-erleben.de\\\/?page_id=317#primaryimage\",\"url\":\"https:\\\/\\\/familiengeschichte-erleben.de\\\/wp-content\\\/uploads\\\/2020\\\/01\\\/Opa-Theo-als-Soldat.jpg\",\"contentUrl\":\"https:\\\/\\\/familiengeschichte-erleben.de\\\/wp-content\\\/uploads\\\/2020\\\/01\\\/Opa-Theo-als-Soldat.jpg\",\"width\":412,\"height\":584},{\"@type\":\"BreadcrumbList\",\"@id\":\"http:\\\/\\\/familiengeschichte-erleben.de\\\/?page_id=317#breadcrumb\",\"itemListElement\":[{\"@type\":\"ListItem\",\"position\":1,\"name\":\"Startseite\",\"item\":\"https:\\\/\\\/familiengeschichte-erleben.de\\\/\"},{\"@type\":\"ListItem\",\"position\":2,\"name\":\"Familiengeschichten\"}]},{\"@type\":\"WebSite\",\"@id\":\"https:\\\/\\\/familiengeschichte-erleben.de\\\/#website\",\"url\":\"https:\\\/\\\/familiengeschichte-erleben.de\\\/\",\"name\":\"Familiengeschichte erleben\",\"description\":\"\",\"publisher\":{\"@id\":\"https:\\\/\\\/familiengeschichte-erleben.de\\\/#\\\/schema\\\/person\\\/0e3136c0d00fa15f9588438744240a62\"},\"potentialAction\":[{\"@type\":\"SearchAction\",\"target\":{\"@type\":\"EntryPoint\",\"urlTemplate\":\"https:\\\/\\\/familiengeschichte-erleben.de\\\/?s={search_term_string}\"},\"query-input\":{\"@type\":\"PropertyValueSpecification\",\"valueRequired\":true,\"valueName\":\"search_term_string\"}}],\"inLanguage\":\"de\"},{\"@type\":[\"Person\",\"Organization\"],\"@id\":\"https:\\\/\\\/familiengeschichte-erleben.de\\\/#\\\/schema\\\/person\\\/0e3136c0d00fa15f9588438744240a62\",\"name\":\"hickelti\",\"image\":{\"@type\":\"ImageObject\",\"inLanguage\":\"de\",\"@id\":\"https:\\\/\\\/secure.gravatar.com\\\/avatar\\\/2cbf71068d9b77d00a75a42210cb5bd46f5395fdd0d6ad34ea23fd9bc7ed98ee?s=96&d=mm&r=g\",\"url\":\"https:\\\/\\\/secure.gravatar.com\\\/avatar\\\/2cbf71068d9b77d00a75a42210cb5bd46f5395fdd0d6ad34ea23fd9bc7ed98ee?s=96&d=mm&r=g\",\"contentUrl\":\"https:\\\/\\\/secure.gravatar.com\\\/avatar\\\/2cbf71068d9b77d00a75a42210cb5bd46f5395fdd0d6ad34ea23fd9bc7ed98ee?s=96&d=mm&r=g\",\"caption\":\"hickelti\"},\"logo\":{\"@id\":\"https:\\\/\\\/secure.gravatar.com\\\/avatar\\\/2cbf71068d9b77d00a75a42210cb5bd46f5395fdd0d6ad34ea23fd9bc7ed98ee?s=96&d=mm&r=g\"}}]}<\/script>\n<!-- \/ Yoast SEO plugin. -->","yoast_head_json":{"title":"Familiengeschichten - Familiengeschichte erleben -Anke Stier","description":"Lesen von alten Schriften - Familiengeschichte erleben - Anke Stier: Erkl\u00e4rungen und Beispiele","robots":{"index":"index","follow":"follow","max-snippet":"max-snippet:-1","max-image-preview":"max-image-preview:large","max-video-preview":"max-video-preview:-1"},"canonical":"http:\/\/familiengeschichte-erleben.de\/?page_id=317","og_locale":"de_DE","og_type":"article","og_title":"Familiengeschichten - Familiengeschichte erleben -Anke Stier","og_description":"Lesen von alten Schriften - Familiengeschichte erleben - Anke Stier: Erkl\u00e4rungen und Beispiele","og_url":"http:\/\/familiengeschichte-erleben.de\/?page_id=317","og_site_name":"Familiengeschichte erleben","article_modified_time":"2020-03-08T07:07:27+00:00","og_image":[{"url":"http:\/\/familiengeschichte-erleben.de\/wp-content\/uploads\/2020\/01\/Opa-Theo-als-Soldat.jpg","type":"","width":"","height":""}],"twitter_card":"summary_large_image","twitter_misc":{"Gesch\u00e4tzte Lesezeit":"2\u00a0Minuten"},"schema":{"@context":"https:\/\/schema.org","@graph":[{"@type":"WebPage","@id":"http:\/\/familiengeschichte-erleben.de\/?page_id=317","url":"http:\/\/familiengeschichte-erleben.de\/?page_id=317","name":"Familiengeschichten - Familiengeschichte erleben -Anke Stier","isPartOf":{"@id":"https:\/\/familiengeschichte-erleben.de\/#website"},"primaryImageOfPage":{"@id":"http:\/\/familiengeschichte-erleben.de\/?page_id=317#primaryimage"},"image":{"@id":"http:\/\/familiengeschichte-erleben.de\/?page_id=317#primaryimage"},"thumbnailUrl":"http:\/\/familiengeschichte-erleben.de\/wp-content\/uploads\/2020\/01\/Opa-Theo-als-Soldat.jpg","datePublished":"2020-01-20T18:15:06+00:00","dateModified":"2020-03-08T07:07:27+00:00","description":"Lesen von alten Schriften - Familiengeschichte erleben - Anke Stier: Erkl\u00e4rungen und Beispiele","breadcrumb":{"@id":"http:\/\/familiengeschichte-erleben.de\/?page_id=317#breadcrumb"},"inLanguage":"de","potentialAction":[{"@type":"ReadAction","target":["http:\/\/familiengeschichte-erleben.de\/?page_id=317"]}]},{"@type":"ImageObject","inLanguage":"de","@id":"http:\/\/familiengeschichte-erleben.de\/?page_id=317#primaryimage","url":"https:\/\/familiengeschichte-erleben.de\/wp-content\/uploads\/2020\/01\/Opa-Theo-als-Soldat.jpg","contentUrl":"https:\/\/familiengeschichte-erleben.de\/wp-content\/uploads\/2020\/01\/Opa-Theo-als-Soldat.jpg","width":412,"height":584},{"@type":"BreadcrumbList","@id":"http:\/\/familiengeschichte-erleben.de\/?page_id=317#breadcrumb","itemListElement":[{"@type":"ListItem","position":1,"name":"Startseite","item":"https:\/\/familiengeschichte-erleben.de\/"},{"@type":"ListItem","position":2,"name":"Familiengeschichten"}]},{"@type":"WebSite","@id":"https:\/\/familiengeschichte-erleben.de\/#website","url":"https:\/\/familiengeschichte-erleben.de\/","name":"Familiengeschichte erleben","description":"","publisher":{"@id":"https:\/\/familiengeschichte-erleben.de\/#\/schema\/person\/0e3136c0d00fa15f9588438744240a62"},"potentialAction":[{"@type":"SearchAction","target":{"@type":"EntryPoint","urlTemplate":"https:\/\/familiengeschichte-erleben.de\/?s={search_term_string}"},"query-input":{"@type":"PropertyValueSpecification","valueRequired":true,"valueName":"search_term_string"}}],"inLanguage":"de"},{"@type":["Person","Organization"],"@id":"https:\/\/familiengeschichte-erleben.de\/#\/schema\/person\/0e3136c0d00fa15f9588438744240a62","name":"hickelti","image":{"@type":"ImageObject","inLanguage":"de","@id":"https:\/\/secure.gravatar.com\/avatar\/2cbf71068d9b77d00a75a42210cb5bd46f5395fdd0d6ad34ea23fd9bc7ed98ee?s=96&d=mm&r=g","url":"https:\/\/secure.gravatar.com\/avatar\/2cbf71068d9b77d00a75a42210cb5bd46f5395fdd0d6ad34ea23fd9bc7ed98ee?s=96&d=mm&r=g","contentUrl":"https:\/\/secure.gravatar.com\/avatar\/2cbf71068d9b77d00a75a42210cb5bd46f5395fdd0d6ad34ea23fd9bc7ed98ee?s=96&d=mm&r=g","caption":"hickelti"},"logo":{"@id":"https:\/\/secure.gravatar.com\/avatar\/2cbf71068d9b77d00a75a42210cb5bd46f5395fdd0d6ad34ea23fd9bc7ed98ee?s=96&d=mm&r=g"}}]}},"_links":{"self":[{"href":"https:\/\/familiengeschichte-erleben.de\/index.php?rest_route=\/wp\/v2\/pages\/317","targetHints":{"allow":["GET"]}}],"collection":[{"href":"https:\/\/familiengeschichte-erleben.de\/index.php?rest_route=\/wp\/v2\/pages"}],"about":[{"href":"https:\/\/familiengeschichte-erleben.de\/index.php?rest_route=\/wp\/v2\/types\/page"}],"author":[{"embeddable":true,"href":"https:\/\/familiengeschichte-erleben.de\/index.php?rest_route=\/wp\/v2\/users\/1"}],"replies":[{"embeddable":true,"href":"https:\/\/familiengeschichte-erleben.de\/index.php?rest_route=%2Fwp%2Fv2%2Fcomments&post=317"}],"version-history":[{"count":19,"href":"https:\/\/familiengeschichte-erleben.de\/index.php?rest_route=\/wp\/v2\/pages\/317\/revisions"}],"predecessor-version":[{"id":515,"href":"https:\/\/familiengeschichte-erleben.de\/index.php?rest_route=\/wp\/v2\/pages\/317\/revisions\/515"}],"wp:attachment":[{"href":"https:\/\/familiengeschichte-erleben.de\/index.php?rest_route=%2Fwp%2Fv2%2Fmedia&parent=317"}],"curies":[{"name":"wp","href":"https:\/\/api.w.org\/{rel}","templated":true}]}}