{"id":41,"date":"2020-01-05T18:54:22","date_gmt":"2020-01-05T18:54:22","guid":{"rendered":"http:\/\/familiengeschichte-erleben.de\/?page_id=41"},"modified":"2020-02-02T08:06:15","modified_gmt":"2020-02-02T08:06:15","slug":"kontakt","status":"publish","type":"page","link":"https:\/\/familiengeschichte-erleben.de\/?page_id=41","title":{"rendered":"Kontakt"},"content":{"rendered":"\n<p style=\"font-size:10px\" class=\"has-text-align-right\">Kontakt &#8211; Familiengeschichte erleben &#8211; Anke Stier   <\/p>\n\n\n\n<p>Falls Sie gemeinsam mit mir Ihre auf Spurensuche Ihrer Vorfahren gehen und Ihre Familiengeschichte entdecken wollen, k\u00f6nnen Sie mich folgenderma\u00dfen kontaktieren:   <\/p>\n\n\n\n<div class=\"wp-block-media-text alignwide has-background is-stacked-on-mobile\" style=\"background-color:#353131\"><figure class=\"wp-block-media-text__media\"><img loading=\"lazy\" decoding=\"async\" width=\"466\" height=\"491\" src=\"http:\/\/familiengeschichte-erleben.de\/wp-content\/uploads\/2020\/01\/Anke-3-2.jpg\" alt=\"\" class=\"wp-image-42\" srcset=\"https:\/\/familiengeschichte-erleben.de\/wp-content\/uploads\/2020\/01\/Anke-3-2.jpg 466w, https:\/\/familiengeschichte-erleben.de\/wp-content\/uploads\/2020\/01\/Anke-3-2-285x300.jpg 285w\" sizes=\"auto, (max-width: 466px) 100vw, 466px\" \/><\/figure><div class=\"wp-block-media-text__content\">\n<h2 class=\"has-text-color has-text-align-left wp-block-heading\" style=\"color:#ffffff\">Anke Stier<\/h2>\n\n\n\n<p style=\"color:#ffffff;font-size:16px\" class=\"has-text-color has-text-align-left\"><em>Familiengeschichte erleben<\/em><br>Rosenweg 14<br>74635 <a href=\"https:\/\/www.google.com\/maps\/place\/Eschental,+74635+Kupferzell\/@49.2031901,9.7366671,16z\/data=!3m1!4b1!4m5!3m4!1s0x47984354a606ecd1:0xe76f9b241c3a530f!8m2!3d49.2037269!4d9.7407287\">Eschental-Kuperzell<\/a> <\/p>\n\n\n\n<p style=\"color:#ffffff;font-size:16px\" class=\"has-text-color\">+49 (0)7944 \/ 950360<\/p>\n\n\n\n<p style=\"color:#ffffff;font-size:16px\" class=\"has-text-color has-text-align-left\">E-Mail: <a href=\"mailto:anke-stier@web.de\">anke-stier@eweb.de<\/a><\/p>\n<\/div><\/div>\n\n\n\n<div style=\"height:54px\" aria-hidden=\"true\" class=\"wp-block-spacer\"><\/div>\n\n\n\n<p class=\"has-text-align-left has-medium-font-size\">Hinweise zu Kosten finden Sie <a href=\"http:\/\/familiengeschichte-erleben.de\/?page_id=2\">hier<\/a>.<\/p>\n\n\n\n<div style=\"height:20px\" aria-hidden=\"true\" class=\"wp-block-spacer\"><\/div>\n\n\n\n<p>Gerne k\u00f6nnen Sie mir eine <a href=\"mailto:anke-stier@web.de\">Email<\/a> schreiben, in der Sie Ihr Anliegen beschreiben.<br>Folgende Angaben w\u00e4ren hilfreich:<\/p>\n\n\n\n<ul class=\"wp-block-list\"><li> Was m\u00f6chten Sie recherchieren (Ahnentafel, H\u00e4usergeschichte, Auswanderer, Schulgeschichte &#8230;) &#8211; kurz umrei\u00dfen.<\/li><li>Eine Namen-, Orts- oder Zeitangabe falls sinnvoll- z.B. &#8222;Ahnentafel Familie Schweizer in Haag (Hohenlohe)&#8220;, &#8222;H\u00e4usergeschichte in  Haag (Hohenlohe)&#8220; oder &#8222;Auswanderer von Ohrenbach (Hohenlohe) nach England um 1850&#8243;&#8230;<\/li><li>Gibt es schon Informationen (Ahnentafeln, Vertr\u00e4ge, Briefe &#8230;) <\/li><\/ul>\n\n\n\n<div style=\"height:20px\" aria-hidden=\"true\" class=\"wp-block-spacer\"><\/div>\n\n\n\n<p class=\"has-normal-font-size\">Oder Sie rufen mich einfach an. <\/p>\n\n\n\n<div style=\"height:20px\" aria-hidden=\"true\" class=\"wp-block-spacer\"><\/div>\n\n\n\n<p style=\"font-size:18px\">Ich freu mich auf neue Familiengeschichten.<\/p>\n\n\n\n<div style=\"height:20px\" aria-hidden=\"true\" class=\"wp-block-spacer\"><\/div>\n\n\n\n<p style=\"font-size:10px\" class=\"has-text-align-right\">Kontakt &#8211; Familiengeschichte erleben &#8211; Anke Stier<\/p>\n","protected":false},"excerpt":{"rendered":"<p>Kontakt &#8211; Familiengeschichte erleben &#8211; Anke Stier Falls Sie gemeinsam mit mir Ihre auf Spurensuche Ihrer Vorfahren gehen und Ihre Familiengeschichte entdecken wollen, k\u00f6nnen Sie mich folgenderma\u00dfen kontaktieren: Anke Stier Familiengeschichte erlebenRosenweg 1474635 Eschental-Kuperzell +49 (0)7944 \/ 950360 E-Mail: anke-stier@eweb.de Hinweise zu Kosten finden Sie hier. Gerne k\u00f6nnen Sie mir eine Email schreiben, in der<span class=\"post-excerpt-end\">&hellip;<\/span><\/p>\n<p class=\"more-link\"><a href=\"https:\/\/familiengeschichte-erleben.de\/?page_id=41\" class=\"themebutton\">Read More<\/a><\/p>\n","protected":false},"author":1,"featured_media":0,"parent":0,"menu_order":0,"comment_status":"closed","ping_status":"closed","template":"","meta":{"footnotes":""},"class_list":["post-41","page","type-page","status-publish","hentry"],"yoast_head":"<!-- This site is optimized with the Yoast SEO plugin v27.3 - https:\/\/yoast.com\/product\/yoast-seo-wordpress\/ -->\n<title>Kontakt - Familiengeschichte erleben - Anke Stier<\/title>\n<meta name=\"description\" content=\"Kontakt - Familiengeschichte erleben - Anke Stier. Wie erreichen Sie mich?\" \/>\n<meta name=\"robots\" content=\"index, follow, max-snippet:-1, max-image-preview:large, max-video-preview:-1\" \/>\n<link rel=\"canonical\" href=\"https:\/\/familiengeschichte-erleben.de\/?page_id=41\" \/>\n<meta property=\"og:locale\" content=\"de_DE\" \/>\n<meta property=\"og:type\" content=\"article\" \/>\n<meta property=\"og:title\" content=\"Kontakt - Familiengeschichte erleben - Anke Stier\" \/>\n<meta property=\"og:description\" content=\"Kontakt - Familiengeschichte erleben - Anke Stier. Wie erreichen Sie mich?\" \/>\n<meta property=\"og:url\" content=\"https:\/\/familiengeschichte-erleben.de\/?page_id=41\" \/>\n<meta property=\"og:site_name\" content=\"Familiengeschichte erleben\" \/>\n<meta property=\"article:modified_time\" content=\"2020-02-02T08:06:15+00:00\" \/>\n<meta property=\"og:image\" content=\"http:\/\/familiengeschichte-erleben.de\/wp-content\/uploads\/2020\/01\/Anke-3-2.jpg\" \/>\n<meta name=\"twitter:card\" content=\"summary_large_image\" \/>\n<meta name=\"twitter:label1\" content=\"Gesch\u00e4tzte Lesezeit\" \/>\n\t<meta name=\"twitter:data1\" content=\"1\u00a0Minute\" \/>\n<script type=\"application\/ld+json\" class=\"yoast-schema-graph\">{\"@context\":\"https:\\\/\\\/schema.org\",\"@graph\":[{\"@type\":\"WebPage\",\"@id\":\"https:\\\/\\\/familiengeschichte-erleben.de\\\/?page_id=41\",\"url\":\"https:\\\/\\\/familiengeschichte-erleben.de\\\/?page_id=41\",\"name\":\"Kontakt - Familiengeschichte erleben - Anke Stier\",\"isPartOf\":{\"@id\":\"https:\\\/\\\/familiengeschichte-erleben.de\\\/#website\"},\"primaryImageOfPage\":{\"@id\":\"https:\\\/\\\/familiengeschichte-erleben.de\\\/?page_id=41#primaryimage\"},\"image\":{\"@id\":\"https:\\\/\\\/familiengeschichte-erleben.de\\\/?page_id=41#primaryimage\"},\"thumbnailUrl\":\"http:\\\/\\\/familiengeschichte-erleben.de\\\/wp-content\\\/uploads\\\/2020\\\/01\\\/Anke-3-2.jpg\",\"datePublished\":\"2020-01-05T18:54:22+00:00\",\"dateModified\":\"2020-02-02T08:06:15+00:00\",\"description\":\"Kontakt - Familiengeschichte erleben - Anke Stier. Wie erreichen Sie mich?\",\"breadcrumb\":{\"@id\":\"https:\\\/\\\/familiengeschichte-erleben.de\\\/?page_id=41#breadcrumb\"},\"inLanguage\":\"de\",\"potentialAction\":[{\"@type\":\"ReadAction\",\"target\":[\"https:\\\/\\\/familiengeschichte-erleben.de\\\/?page_id=41\"]}]},{\"@type\":\"ImageObject\",\"inLanguage\":\"de\",\"@id\":\"https:\\\/\\\/familiengeschichte-erleben.de\\\/?page_id=41#primaryimage\",\"url\":\"https:\\\/\\\/familiengeschichte-erleben.de\\\/wp-content\\\/uploads\\\/2020\\\/01\\\/Anke-3-2.jpg\",\"contentUrl\":\"https:\\\/\\\/familiengeschichte-erleben.de\\\/wp-content\\\/uploads\\\/2020\\\/01\\\/Anke-3-2.jpg\",\"width\":466,\"height\":491},{\"@type\":\"BreadcrumbList\",\"@id\":\"https:\\\/\\\/familiengeschichte-erleben.de\\\/?page_id=41#breadcrumb\",\"itemListElement\":[{\"@type\":\"ListItem\",\"position\":1,\"name\":\"Startseite\",\"item\":\"https:\\\/\\\/familiengeschichte-erleben.de\\\/\"},{\"@type\":\"ListItem\",\"position\":2,\"name\":\"Kontakt\"}]},{\"@type\":\"WebSite\",\"@id\":\"https:\\\/\\\/familiengeschichte-erleben.de\\\/#website\",\"url\":\"https:\\\/\\\/familiengeschichte-erleben.de\\\/\",\"name\":\"Familiengeschichte erleben\",\"description\":\"\",\"publisher\":{\"@id\":\"https:\\\/\\\/familiengeschichte-erleben.de\\\/#\\\/schema\\\/person\\\/0e3136c0d00fa15f9588438744240a62\"},\"potentialAction\":[{\"@type\":\"SearchAction\",\"target\":{\"@type\":\"EntryPoint\",\"urlTemplate\":\"https:\\\/\\\/familiengeschichte-erleben.de\\\/?s={search_term_string}\"},\"query-input\":{\"@type\":\"PropertyValueSpecification\",\"valueRequired\":true,\"valueName\":\"search_term_string\"}}],\"inLanguage\":\"de\"},{\"@type\":[\"Person\",\"Organization\"],\"@id\":\"https:\\\/\\\/familiengeschichte-erleben.de\\\/#\\\/schema\\\/person\\\/0e3136c0d00fa15f9588438744240a62\",\"name\":\"hickelti\",\"image\":{\"@type\":\"ImageObject\",\"inLanguage\":\"de\",\"@id\":\"https:\\\/\\\/secure.gravatar.com\\\/avatar\\\/2cbf71068d9b77d00a75a42210cb5bd46f5395fdd0d6ad34ea23fd9bc7ed98ee?s=96&d=mm&r=g\",\"url\":\"https:\\\/\\\/secure.gravatar.com\\\/avatar\\\/2cbf71068d9b77d00a75a42210cb5bd46f5395fdd0d6ad34ea23fd9bc7ed98ee?s=96&d=mm&r=g\",\"contentUrl\":\"https:\\\/\\\/secure.gravatar.com\\\/avatar\\\/2cbf71068d9b77d00a75a42210cb5bd46f5395fdd0d6ad34ea23fd9bc7ed98ee?s=96&d=mm&r=g\",\"caption\":\"hickelti\"},\"logo\":{\"@id\":\"https:\\\/\\\/secure.gravatar.com\\\/avatar\\\/2cbf71068d9b77d00a75a42210cb5bd46f5395fdd0d6ad34ea23fd9bc7ed98ee?s=96&d=mm&r=g\"}}]}<\/script>\n<!-- \/ Yoast SEO plugin. -->","yoast_head_json":{"title":"Kontakt - Familiengeschichte erleben - Anke Stier","description":"Kontakt - Familiengeschichte erleben - Anke Stier. Wie erreichen Sie mich?","robots":{"index":"index","follow":"follow","max-snippet":"max-snippet:-1","max-image-preview":"max-image-preview:large","max-video-preview":"max-video-preview:-1"},"canonical":"https:\/\/familiengeschichte-erleben.de\/?page_id=41","og_locale":"de_DE","og_type":"article","og_title":"Kontakt - Familiengeschichte erleben - Anke Stier","og_description":"Kontakt - Familiengeschichte erleben - Anke Stier. Wie erreichen Sie mich?","og_url":"https:\/\/familiengeschichte-erleben.de\/?page_id=41","og_site_name":"Familiengeschichte erleben","article_modified_time":"2020-02-02T08:06:15+00:00","og_image":[{"url":"http:\/\/familiengeschichte-erleben.de\/wp-content\/uploads\/2020\/01\/Anke-3-2.jpg","type":"","width":"","height":""}],"twitter_card":"summary_large_image","twitter_misc":{"Gesch\u00e4tzte Lesezeit":"1\u00a0Minute"},"schema":{"@context":"https:\/\/schema.org","@graph":[{"@type":"WebPage","@id":"https:\/\/familiengeschichte-erleben.de\/?page_id=41","url":"https:\/\/familiengeschichte-erleben.de\/?page_id=41","name":"Kontakt - Familiengeschichte erleben - Anke Stier","isPartOf":{"@id":"https:\/\/familiengeschichte-erleben.de\/#website"},"primaryImageOfPage":{"@id":"https:\/\/familiengeschichte-erleben.de\/?page_id=41#primaryimage"},"image":{"@id":"https:\/\/familiengeschichte-erleben.de\/?page_id=41#primaryimage"},"thumbnailUrl":"http:\/\/familiengeschichte-erleben.de\/wp-content\/uploads\/2020\/01\/Anke-3-2.jpg","datePublished":"2020-01-05T18:54:22+00:00","dateModified":"2020-02-02T08:06:15+00:00","description":"Kontakt - Familiengeschichte erleben - Anke Stier. Wie erreichen Sie mich?","breadcrumb":{"@id":"https:\/\/familiengeschichte-erleben.de\/?page_id=41#breadcrumb"},"inLanguage":"de","potentialAction":[{"@type":"ReadAction","target":["https:\/\/familiengeschichte-erleben.de\/?page_id=41"]}]},{"@type":"ImageObject","inLanguage":"de","@id":"https:\/\/familiengeschichte-erleben.de\/?page_id=41#primaryimage","url":"https:\/\/familiengeschichte-erleben.de\/wp-content\/uploads\/2020\/01\/Anke-3-2.jpg","contentUrl":"https:\/\/familiengeschichte-erleben.de\/wp-content\/uploads\/2020\/01\/Anke-3-2.jpg","width":466,"height":491},{"@type":"BreadcrumbList","@id":"https:\/\/familiengeschichte-erleben.de\/?page_id=41#breadcrumb","itemListElement":[{"@type":"ListItem","position":1,"name":"Startseite","item":"https:\/\/familiengeschichte-erleben.de\/"},{"@type":"ListItem","position":2,"name":"Kontakt"}]},{"@type":"WebSite","@id":"https:\/\/familiengeschichte-erleben.de\/#website","url":"https:\/\/familiengeschichte-erleben.de\/","name":"Familiengeschichte erleben","description":"","publisher":{"@id":"https:\/\/familiengeschichte-erleben.de\/#\/schema\/person\/0e3136c0d00fa15f9588438744240a62"},"potentialAction":[{"@type":"SearchAction","target":{"@type":"EntryPoint","urlTemplate":"https:\/\/familiengeschichte-erleben.de\/?s={search_term_string}"},"query-input":{"@type":"PropertyValueSpecification","valueRequired":true,"valueName":"search_term_string"}}],"inLanguage":"de"},{"@type":["Person","Organization"],"@id":"https:\/\/familiengeschichte-erleben.de\/#\/schema\/person\/0e3136c0d00fa15f9588438744240a62","name":"hickelti","image":{"@type":"ImageObject","inLanguage":"de","@id":"https:\/\/secure.gravatar.com\/avatar\/2cbf71068d9b77d00a75a42210cb5bd46f5395fdd0d6ad34ea23fd9bc7ed98ee?s=96&d=mm&r=g","url":"https:\/\/secure.gravatar.com\/avatar\/2cbf71068d9b77d00a75a42210cb5bd46f5395fdd0d6ad34ea23fd9bc7ed98ee?s=96&d=mm&r=g","contentUrl":"https:\/\/secure.gravatar.com\/avatar\/2cbf71068d9b77d00a75a42210cb5bd46f5395fdd0d6ad34ea23fd9bc7ed98ee?s=96&d=mm&r=g","caption":"hickelti"},"logo":{"@id":"https:\/\/secure.gravatar.com\/avatar\/2cbf71068d9b77d00a75a42210cb5bd46f5395fdd0d6ad34ea23fd9bc7ed98ee?s=96&d=mm&r=g"}}]}},"_links":{"self":[{"href":"https:\/\/familiengeschichte-erleben.de\/index.php?rest_route=\/wp\/v2\/pages\/41","targetHints":{"allow":["GET"]}}],"collection":[{"href":"https:\/\/familiengeschichte-erleben.de\/index.php?rest_route=\/wp\/v2\/pages"}],"about":[{"href":"https:\/\/familiengeschichte-erleben.de\/index.php?rest_route=\/wp\/v2\/types\/page"}],"author":[{"embeddable":true,"href":"https:\/\/familiengeschichte-erleben.de\/index.php?rest_route=\/wp\/v2\/users\/1"}],"replies":[{"embeddable":true,"href":"https:\/\/familiengeschichte-erleben.de\/index.php?rest_route=%2Fwp%2Fv2%2Fcomments&post=41"}],"version-history":[{"count":26,"href":"https:\/\/familiengeschichte-erleben.de\/index.php?rest_route=\/wp\/v2\/pages\/41\/revisions"}],"predecessor-version":[{"id":513,"href":"https:\/\/familiengeschichte-erleben.de\/index.php?rest_route=\/wp\/v2\/pages\/41\/revisions\/513"}],"wp:attachment":[{"href":"https:\/\/familiengeschichte-erleben.de\/index.php?rest_route=%2Fwp%2Fv2%2Fmedia&parent=41"}],"curies":[{"name":"wp","href":"https:\/\/api.w.org\/{rel}","templated":true}]}}